{"id":13,"date":"2025-03-07T15:03:19","date_gmt":"2025-03-07T14:03:19","guid":{"rendered":"https:\/\/dev.campingsierradegata.es\/?page_id=13"},"modified":"2026-04-01T14:24:13","modified_gmt":"2026-04-01T12:24:13","slug":"camping-bungalows-sierra-de-gata","status":"publish","type":"page","link":"https:\/\/www.campingsierradegata.es\/en\/","title":{"rendered":"SIERRA DE GATA CAMPING-BUNGALOWS"},"content":{"rendered":"<div class=\"wp-block-jetpack-slideshow alignfull\" data-effect=\"fade\"><div class=\"wp-block-jetpack-slideshow_container swiper\"><ul class=\"wp-block-jetpack-slideshow_swiper-wrapper swiper-wrapper\"><li class=\"wp-block-jetpack-slideshow_slide swiper-slide\"><figure><img loading=\"lazy\" decoding=\"async\" width=\"2560\" height=\"1920\" alt=\"Un refugio \u00fanico para tus momentos de naturaleza y aventura.\" class=\"wp-block-jetpack-slideshow_image wp-image-604\" data-id=\"604\" src=\"https:\/\/www.campingsierradegata.es\/wp-content\/uploads\/2025\/03\/Slide1-1-scaled.jpg\" srcset=\"https:\/\/www.campingsierradegata.es\/wp-content\/uploads\/2025\/03\/Slide1-1-scaled.jpg 2560w, https:\/\/www.campingsierradegata.es\/wp-content\/uploads\/2025\/03\/Slide1-1-300x225.jpg 300w, https:\/\/www.campingsierradegata.es\/wp-content\/uploads\/2025\/03\/Slide1-1-1024x768.jpg 1024w, https:\/\/www.campingsierradegata.es\/wp-content\/uploads\/2025\/03\/Slide1-1-768x576.jpg 768w, https:\/\/www.campingsierradegata.es\/wp-content\/uploads\/2025\/03\/Slide1-1-1536x1152.jpg 1536w, https:\/\/www.campingsierradegata.es\/wp-content\/uploads\/2025\/03\/Slide1-1-2048x1536.jpg 2048w\" sizes=\"(max-width: 2560px) 100vw, 2560px\" \/><\/figure><\/li><li class=\"wp-block-jetpack-slideshow_slide swiper-slide\"><figure><img loading=\"lazy\" decoding=\"async\" width=\"1600\" height=\"1200\" alt=\"Foto interior bungalows\" class=\"wp-block-jetpack-slideshow_image wp-image-457\" data-id=\"457\" src=\"https:\/\/www.campingsierradegata.es\/wp-content\/uploads\/2025\/03\/WhatsApp-Image-2024-08-29-at-10.04.46-1.jpeg\" srcset=\"https:\/\/www.campingsierradegata.es\/wp-content\/uploads\/2025\/03\/WhatsApp-Image-2024-08-29-at-10.04.46-1.jpeg 1600w, https:\/\/www.campingsierradegata.es\/wp-content\/uploads\/2025\/03\/WhatsApp-Image-2024-08-29-at-10.04.46-1-300x225.jpeg 300w, https:\/\/www.campingsierradegata.es\/wp-content\/uploads\/2025\/03\/WhatsApp-Image-2024-08-29-at-10.04.46-1-1024x768.jpeg 1024w, https:\/\/www.campingsierradegata.es\/wp-content\/uploads\/2025\/03\/WhatsApp-Image-2024-08-29-at-10.04.46-1-768x576.jpeg 768w, https:\/\/www.campingsierradegata.es\/wp-content\/uploads\/2025\/03\/WhatsApp-Image-2024-08-29-at-10.04.46-1-1536x1152.jpeg 1536w\" sizes=\"(max-width: 1600px) 100vw, 1600px\" \/><\/figure><\/li><li class=\"wp-block-jetpack-slideshow_slide swiper-slide\"><figure><img loading=\"lazy\" decoding=\"async\" width=\"2560\" height=\"1920\" alt=\"Foto exterior cafeter\u00eda\" class=\"wp-block-jetpack-slideshow_image wp-image-135\" data-id=\"135\" src=\"https:\/\/www.campingsierradegata.es\/wp-content\/uploads\/2025\/03\/Restaurante-Sierra-Gata-Camping-Bar-Cafeteria-scaled.jpg\" srcset=\"https:\/\/www.campingsierradegata.es\/wp-content\/uploads\/2025\/03\/Restaurante-Sierra-Gata-Camping-Bar-Cafeteria-scaled.jpg 2560w, https:\/\/www.campingsierradegata.es\/wp-content\/uploads\/2025\/03\/Restaurante-Sierra-Gata-Camping-Bar-Cafeteria-300x225.jpg 300w, https:\/\/www.campingsierradegata.es\/wp-content\/uploads\/2025\/03\/Restaurante-Sierra-Gata-Camping-Bar-Cafeteria-1024x768.jpg 1024w, https:\/\/www.campingsierradegata.es\/wp-content\/uploads\/2025\/03\/Restaurante-Sierra-Gata-Camping-Bar-Cafeteria-768x576.jpg 768w, https:\/\/www.campingsierradegata.es\/wp-content\/uploads\/2025\/03\/Restaurante-Sierra-Gata-Camping-Bar-Cafeteria-1536x1152.jpg 1536w, https:\/\/www.campingsierradegata.es\/wp-content\/uploads\/2025\/03\/Restaurante-Sierra-Gata-Camping-Bar-Cafeteria-2048x1536.jpg 2048w, https:\/\/www.campingsierradegata.es\/wp-content\/uploads\/2025\/03\/Restaurante-Sierra-Gata-Camping-Bar-Cafeteria-16x12.jpg 16w\" sizes=\"(max-width: 2560px) 100vw, 2560px\" \/><\/figure><\/li><li class=\"wp-block-jetpack-slideshow_slide swiper-slide\"><figure><img loading=\"lazy\" decoding=\"async\" width=\"1600\" height=\"1200\" alt=\"Foto principal zona acampada\" class=\"wp-block-jetpack-slideshow_image wp-image-241\" data-id=\"241\" src=\"https:\/\/www.campingsierradegata.es\/wp-content\/uploads\/2025\/03\/2.jpg\" srcset=\"https:\/\/www.campingsierradegata.es\/wp-content\/uploads\/2025\/03\/2.jpg 1600w, https:\/\/www.campingsierradegata.es\/wp-content\/uploads\/2025\/03\/2-300x225.jpg 300w, https:\/\/www.campingsierradegata.es\/wp-content\/uploads\/2025\/03\/2-1024x768.jpg 1024w, https:\/\/www.campingsierradegata.es\/wp-content\/uploads\/2025\/03\/2-768x576.jpg 768w, https:\/\/www.campingsierradegata.es\/wp-content\/uploads\/2025\/03\/2-1536x1152.jpg 1536w\" sizes=\"(max-width: 1600px) 100vw, 1600px\" \/><\/figure><\/li><li class=\"wp-block-jetpack-slideshow_slide swiper-slide\"><figure><img loading=\"lazy\" decoding=\"async\" width=\"1503\" height=\"1127\" alt=\"Foto zona bungalows campings\" class=\"wp-block-jetpack-slideshow_image wp-image-379\" data-id=\"379\" src=\"https:\/\/www.campingsierradegata.es\/wp-content\/uploads\/2025\/03\/Fila-bungalows.jpeg\" srcset=\"https:\/\/www.campingsierradegata.es\/wp-content\/uploads\/2025\/03\/Fila-bungalows.jpeg 1503w, https:\/\/www.campingsierradegata.es\/wp-content\/uploads\/2025\/03\/Fila-bungalows-300x225.jpeg 300w, https:\/\/www.campingsierradegata.es\/wp-content\/uploads\/2025\/03\/Fila-bungalows-1024x768.jpeg 1024w, https:\/\/www.campingsierradegata.es\/wp-content\/uploads\/2025\/03\/Fila-bungalows-768x576.jpeg 768w\" sizes=\"(max-width: 1503px) 100vw, 1503px\" \/><\/figure><\/li><\/ul><a class=\"wp-block-jetpack-slideshow_button-prev swiper-button-prev swiper-button-white\" role=\"button\"><\/a><a class=\"wp-block-jetpack-slideshow_button-next swiper-button-next swiper-button-white\" role=\"button\"><\/a><a aria-label=\"Pause Slideshow\" class=\"wp-block-jetpack-slideshow_button-pause\" role=\"button\"><\/a><div class=\"wp-block-jetpack-slideshow_pagination swiper-pagination swiper-pagination-white\"><\/div><\/div><\/div>\n\n\n\n<p><\/p>\n\n\n\n<thr-search-engine search-text=\"Reservar\"><\/thr-search-engine>\n\n\n\n<p><\/p>\n\n\n\n<div class=\"wp-block-group alignfull is-style-section-5 has-global-padding is-layout-constrained wp-block-group-is-layout-constrained is-style-section-5--1\" style=\"margin-top:0;margin-bottom:0;padding-top:var(--wp--preset--spacing--50);padding-bottom:var(--wp--preset--spacing--50)\">\n<div class=\"wp-block-columns alignwide is-layout-flex wp-container-core-columns-is-layout-7ee84d44 wp-block-columns-is-layout-flex\">\n<div class=\"wp-block-column is-vertically-aligned-center is-layout-flow wp-block-column-is-layout-flow\" style=\"flex-basis:50%\">\n<h2 class=\"wp-block-heading is-style-text-display is-style-text-display--2\">The camping<\/h2>\n\n\n\n<p class=\"has-medium-font-size translation-block\"><strong>Camping Sierra de Gata<\/strong> is located 4 km from the municipality of Gata, C\u00e1ceres, deep in the heart of the Sierra de Gata \u2013 a region situated in Extremadura, western Spain, right on the border with Portugal. This area is known for its <strong>natural beauty<\/strong>, offering a perfect setting for enjoying nature and the outdoors, ideal for those looking to relax or engage in outdoor activities.<\/p>\n\n\n\n<p>Descubre nuestras promociones en el apartado de <a href=\"https:\/\/www.campingsierradegata.es\/en\/camping-bungalows-sierra-de-gata\/ofertas\/\" data-type=\"page\" data-id=\"767\">OFERTAS<\/a>.<\/p>\n\n\n\n<div class=\"wp-block-buttons is-layout-flex wp-block-buttons-is-layout-flex\">\n<div class=\"wp-block-button is-style-fill\"><a class=\"wp-block-button__link wp-element-button\" href=\"https:\/\/www.campingsierradegata.es\/en\/camping-bungalows-sierra-de-gata\/instalaciones-y-servicios\/\">FACILITIES AND SERVICES<\/a><\/div>\n<\/div>\n\n\n\n<p class=\"has-medium-font-size\"><\/p>\n<\/div>\n\n\n\n<div class=\"wp-block-column is-vertically-aligned-center is-layout-flow wp-block-column-is-layout-flow\" style=\"flex-basis:50%\">\n<figure class=\"wp-block-image size-full\"><img loading=\"lazy\" decoding=\"async\" width=\"2560\" height=\"1848\" src=\"https:\/\/www.campingsierradegata.es\/wp-content\/uploads\/2025\/03\/Entrada-Camping--scaled.jpeg\" alt=\"Foto entrada del camping\" class=\"wp-image-362\" style=\"aspect-ratio:1;object-fit:cover\" srcset=\"https:\/\/www.campingsierradegata.es\/wp-content\/uploads\/2025\/03\/Entrada-Camping--scaled.jpeg 2560w, https:\/\/www.campingsierradegata.es\/wp-content\/uploads\/2025\/03\/Entrada-Camping--300x217.jpeg 300w, https:\/\/www.campingsierradegata.es\/wp-content\/uploads\/2025\/03\/Entrada-Camping--1024x739.jpeg 1024w, https:\/\/www.campingsierradegata.es\/wp-content\/uploads\/2025\/03\/Entrada-Camping--768x554.jpeg 768w, https:\/\/www.campingsierradegata.es\/wp-content\/uploads\/2025\/03\/Entrada-Camping--1536x1109.jpeg 1536w, https:\/\/www.campingsierradegata.es\/wp-content\/uploads\/2025\/03\/Entrada-Camping--2048x1479.jpeg 2048w\" sizes=\"auto, (max-width: 2560px) 100vw, 2560px\" \/><\/figure>\n<\/div>\n<\/div>\n<\/div>\n\n\n\n<div class=\"wp-block-group alignfull is-style-section-1 has-global-padding is-layout-constrained wp-block-group-is-layout-constrained is-style-section-1--3\" style=\"margin-top:0;margin-bottom:0;padding-top:var(--wp--preset--spacing--50);padding-bottom:var(--wp--preset--spacing--50)\">\n<div class=\"wp-block-columns alignwide is-layout-flex wp-container-core-columns-is-layout-7ee84d44 wp-block-columns-is-layout-flex\">\n<div class=\"wp-block-column is-vertically-aligned-center is-layout-flow wp-block-column-is-layout-flow\" style=\"flex-basis:50%\">\n<h2 class=\"wp-block-heading is-style-text-display is-style-text-display--4\">Pitches<\/h2>\n\n\n\n<p class=\"has-medium-font-size translation-block\">Our pitches (70 or 90 m\u00b2) offer shade and electric hook-ups. Facilities include washrooms and showers with 24-hour hot water, an accessible bathroom for guests with reduced mobility, chemical toilet disposal, and washing machines and dryers.<\/p>\n\n\n\n<div class=\"wp-block-buttons is-layout-flex wp-block-buttons-is-layout-flex\">\n<div class=\"wp-block-button is-style-fill\"><a class=\"wp-block-button__link wp-element-button\" href=\"https:\/\/www.campingsierradegata.es\/en\/camping-bungalows-sierra-de-gata\/parcelas\/\">PITCHES<\/a><\/div>\n<\/div>\n\n\n\n<p class=\"has-medium-font-size\"><\/p>\n<\/div>\n\n\n\n<div class=\"wp-block-column is-vertically-aligned-center is-layout-flow wp-block-column-is-layout-flow\" style=\"flex-basis:50%\">\n<figure class=\"wp-block-image size-full\"><img loading=\"lazy\" decoding=\"async\" width=\"2048\" height=\"1536\" src=\"https:\/\/www.campingsierradegata.es\/wp-content\/uploads\/2025\/03\/Foto-principal-acampada.jpg\" alt=\"Foto parcela con caravana y coche\" class=\"wp-image-364\" style=\"aspect-ratio:1;object-fit:cover\" srcset=\"https:\/\/www.campingsierradegata.es\/wp-content\/uploads\/2025\/03\/Foto-principal-acampada.jpg 2048w, https:\/\/www.campingsierradegata.es\/wp-content\/uploads\/2025\/03\/Foto-principal-acampada-300x225.jpg 300w, https:\/\/www.campingsierradegata.es\/wp-content\/uploads\/2025\/03\/Foto-principal-acampada-1024x768.jpg 1024w, https:\/\/www.campingsierradegata.es\/wp-content\/uploads\/2025\/03\/Foto-principal-acampada-768x576.jpg 768w, https:\/\/www.campingsierradegata.es\/wp-content\/uploads\/2025\/03\/Foto-principal-acampada-1536x1152.jpg 1536w\" sizes=\"auto, (max-width: 2048px) 100vw, 2048px\" \/><\/figure>\n<\/div>\n<\/div>\n<\/div>\n\n\n\n<div class=\"wp-block-group alignfull is-style-section-5 has-global-padding is-layout-constrained wp-block-group-is-layout-constrained is-style-section-5--5\" style=\"margin-top:0;margin-bottom:0;padding-top:var(--wp--preset--spacing--50);padding-bottom:var(--wp--preset--spacing--50)\">\n<div class=\"wp-block-columns alignwide is-layout-flex wp-container-core-columns-is-layout-7ee84d44 wp-block-columns-is-layout-flex\">\n<div class=\"wp-block-column is-vertically-aligned-center is-layout-flow wp-block-column-is-layout-flow\" style=\"flex-basis:50%\">\n<h2 class=\"wp-block-heading is-style-text-display is-style-text-display--6\">Bungalows<\/h2>\n\n\n\n<p class=\"has-medium-font-size translation-block\">Our Bungalows in the Sierra de Gata can accommodate 3 to 6 people.<\/p>\n\n\n\n<p class=\"has-medium-font-size translation-block\">They feature a spacious terrace and free parking.<\/p>\n\n\n\n<p class=\"has-medium-font-size translation-block\">All of this set within the privileged natural setting of the Sierra de Gata. Pets are allowed with a supplement.<\/p>\n\n\n\n<div class=\"wp-block-buttons is-layout-flex wp-block-buttons-is-layout-flex\">\n<div class=\"wp-block-button is-style-fill\"><a class=\"wp-block-button__link wp-element-button\" href=\"https:\/\/www.campingsierradegata.es\/en\/camping-bungalows-sierra-de-gata\/bungalows\/\">BUNGALOWS<\/a><\/div>\n<\/div>\n\n\n\n<p class=\"has-medium-font-size\"><\/p>\n<\/div>\n\n\n\n<div class=\"wp-block-column is-vertically-aligned-center is-layout-flow wp-block-column-is-layout-flow\" style=\"flex-basis:50%\">\n<figure class=\"wp-block-image size-full\"><img loading=\"lazy\" decoding=\"async\" width=\"2560\" height=\"2362\" src=\"https:\/\/www.campingsierradegata.es\/wp-content\/uploads\/2025\/03\/BUNGALOWS-scaled.jpg\" alt=\"Foto fila de bungalows\" class=\"wp-image-398\" style=\"aspect-ratio:1;object-fit:cover\" srcset=\"https:\/\/www.campingsierradegata.es\/wp-content\/uploads\/2025\/03\/BUNGALOWS-scaled.jpg 2560w, https:\/\/www.campingsierradegata.es\/wp-content\/uploads\/2025\/03\/BUNGALOWS-300x277.jpg 300w, https:\/\/www.campingsierradegata.es\/wp-content\/uploads\/2025\/03\/BUNGALOWS-1024x945.jpg 1024w, https:\/\/www.campingsierradegata.es\/wp-content\/uploads\/2025\/03\/BUNGALOWS-768x708.jpg 768w, https:\/\/www.campingsierradegata.es\/wp-content\/uploads\/2025\/03\/BUNGALOWS-1536x1417.jpg 1536w, https:\/\/www.campingsierradegata.es\/wp-content\/uploads\/2025\/03\/BUNGALOWS-2048x1889.jpg 2048w\" sizes=\"auto, (max-width: 2560px) 100vw, 2560px\" \/><\/figure>\n<\/div>\n<\/div>\n<\/div>\n\n\n\n<div class=\"wp-block-group alignfull is-style-section-1 has-global-padding is-layout-constrained wp-block-group-is-layout-constrained is-style-section-1--7\" style=\"margin-top:0;margin-bottom:0;padding-top:var(--wp--preset--spacing--50);padding-bottom:var(--wp--preset--spacing--50)\">\n<div class=\"wp-block-columns alignwide is-layout-flex wp-container-core-columns-is-layout-7ee84d44 wp-block-columns-is-layout-flex\">\n<div class=\"wp-block-column is-vertically-aligned-center is-layout-flow wp-block-column-is-layout-flow\" style=\"flex-basis:50%\">\n<h2 class=\"wp-block-heading is-style-text-display is-style-text-display--8\">BAR<\/h2>\n\n\n\n<p class=\"has-medium-font-size translation-block\">Our caf\u00e9 bar offers affordable and delicious meals and sharing plates for all ages, made with the best of Extremaduran cuisine.<\/p>\n\n\n\n<div class=\"wp-block-buttons is-layout-flex wp-block-buttons-is-layout-flex\">\n<div class=\"wp-block-button is-style-fill\"><a class=\"wp-block-button__link wp-element-button\" href=\"https:\/\/www.campingsierradegata.es\/en\/camping-bungalows-sierra-de-gata\/cafe-bar\/\">BAR<\/a><\/div>\n<\/div>\n\n\n\n<p class=\"has-medium-font-size\"><\/p>\n<\/div>\n\n\n\n<div class=\"wp-block-column is-vertically-aligned-center is-layout-flow wp-block-column-is-layout-flow\" style=\"flex-basis:50%\">\n<figure class=\"wp-block-image size-full\"><img loading=\"lazy\" decoding=\"async\" width=\"2560\" height=\"1920\" src=\"https:\/\/www.campingsierradegata.es\/wp-content\/uploads\/2025\/03\/Restaurante-Sierra-Gata-Camping-Bar-Cafeteria-1-scaled.jpg\" alt=\"Fachada caf\u00e9 bar al atardecer\" class=\"wp-image-148\" style=\"aspect-ratio:1;object-fit:cover\" srcset=\"https:\/\/www.campingsierradegata.es\/wp-content\/uploads\/2025\/03\/Restaurante-Sierra-Gata-Camping-Bar-Cafeteria-1-scaled.jpg 2560w, https:\/\/www.campingsierradegata.es\/wp-content\/uploads\/2025\/03\/Restaurante-Sierra-Gata-Camping-Bar-Cafeteria-1-300x225.jpg 300w, https:\/\/www.campingsierradegata.es\/wp-content\/uploads\/2025\/03\/Restaurante-Sierra-Gata-Camping-Bar-Cafeteria-1-1024x768.jpg 1024w, https:\/\/www.campingsierradegata.es\/wp-content\/uploads\/2025\/03\/Restaurante-Sierra-Gata-Camping-Bar-Cafeteria-1-768x576.jpg 768w, https:\/\/www.campingsierradegata.es\/wp-content\/uploads\/2025\/03\/Restaurante-Sierra-Gata-Camping-Bar-Cafeteria-1-1536x1152.jpg 1536w, https:\/\/www.campingsierradegata.es\/wp-content\/uploads\/2025\/03\/Restaurante-Sierra-Gata-Camping-Bar-Cafeteria-1-2048x1536.jpg 2048w, https:\/\/www.campingsierradegata.es\/wp-content\/uploads\/2025\/03\/Restaurante-Sierra-Gata-Camping-Bar-Cafeteria-1-16x12.jpg 16w\" sizes=\"auto, (max-width: 2560px) 100vw, 2560px\" \/><\/figure>\n<\/div>\n<\/div>\n<\/div>\n\n\n\n<div class=\"wp-block-cover alignfull has-parallax\"><div role=\"img\" aria-label=\"Vista de paisaje en la Sierra de Gata\" class=\"wp-block-cover__image-background wp-image-211 has-parallax\" style=\"background-position:50% 50%;background-image:url(https:\/\/www.campingsierradegata.es\/wp-content\/uploads\/2025\/03\/sierra-de-gata-turismo-rural.jpg)\"><\/div><span aria-hidden=\"true\" class=\"wp-block-cover__background has-contrast-background-color has-background-dim-40 has-background-dim\"><\/span><div class=\"wp-block-cover__inner-container is-layout-flow wp-block-cover-is-layout-flow\">\n<h2 class=\"wp-block-heading has-text-align-center is-style-text-display has-xx-large-font-size is-style-text-display--9\">Things to do in Sierra de Gata<\/h2>\n\n\n\n<p class=\"has-text-align-center has-x-large-font-size\"><\/p>\n\n\n\n<div class=\"wp-block-buttons is-content-justification-center is-layout-flex wp-container-core-buttons-is-layout-a89b3969 wp-block-buttons-is-layout-flex\">\n<div class=\"wp-block-button\"><a class=\"wp-block-button__link has-text-align-center wp-element-button\" href=\"https:\/\/www.campingsierradegata.es\/en\/camping-bungalows-sierra-de-gata\/sierra-de-gata\/\">View Area<\/a><\/div>\n<\/div>\n<\/div><\/div>\n\n\n\n<div class=\"wp-block-cover alignfull\"><img loading=\"lazy\" decoding=\"async\" width=\"1600\" height=\"1200\" class=\"wp-block-cover__image-background wp-image-24\" alt=\"Vista del puente de la piscina natural de Gata\" src=\"https:\/\/www.campingsierradegata.es\/wp-content\/uploads\/2025\/03\/WhatsApp-Image-2024-08-29-at-10.25.06.jpeg\" data-object-fit=\"cover\" srcset=\"https:\/\/www.campingsierradegata.es\/wp-content\/uploads\/2025\/03\/WhatsApp-Image-2024-08-29-at-10.25.06.jpeg 1600w, https:\/\/www.campingsierradegata.es\/wp-content\/uploads\/2025\/03\/WhatsApp-Image-2024-08-29-at-10.25.06-300x225.jpeg 300w, https:\/\/www.campingsierradegata.es\/wp-content\/uploads\/2025\/03\/WhatsApp-Image-2024-08-29-at-10.25.06-1024x768.jpeg 1024w, https:\/\/www.campingsierradegata.es\/wp-content\/uploads\/2025\/03\/WhatsApp-Image-2024-08-29-at-10.25.06-768x576.jpeg 768w, https:\/\/www.campingsierradegata.es\/wp-content\/uploads\/2025\/03\/WhatsApp-Image-2024-08-29-at-10.25.06-1536x1152.jpeg 1536w, https:\/\/www.campingsierradegata.es\/wp-content\/uploads\/2025\/03\/WhatsApp-Image-2024-08-29-at-10.25.06-16x12.jpeg 16w\" sizes=\"auto, (max-width: 1600px) 100vw, 1600px\" \/><span aria-hidden=\"true\" class=\"wp-block-cover__background has-contrast-background-color has-background-dim-60 has-background-dim\"><\/span><div class=\"wp-block-cover__inner-container is-layout-flow wp-block-cover-is-layout-flow\">\n<div class=\"wp-block-group alignfull has-global-padding is-layout-constrained wp-container-core-group-is-layout-08655630 wp-block-group-is-layout-constrained\" style=\"margin-top:0;margin-bottom:0;padding-top:var(--wp--preset--spacing--80);padding-bottom:var(--wp--preset--spacing--80)\">\n<div class=\"wp-block-group alignwide is-layout-flow wp-block-group-is-layout-flow\">\n<p class=\"has-text-align-center is-style-text-display is-style-text-display--10 translation-block\" style=\"font-style:normal;font-weight:400\">Any questions? <br><a href=\"https:\/\/www.campingsierradegata.es\/en\/camping-bungalows-sierra-de-gata\/contacto\/\" data-type=\"page\" data-id=\"231\" target=\"_self\">Feel free to contact us.<\/a><\/p>\n\n\n\n<div style=\"height:var(--wp--preset--spacing--40)\" aria-hidden=\"true\" class=\"wp-block-spacer\"><\/div>\n\n\n\n<ul class=\"wp-block-social-links has-icon-color is-style-logos-only is-content-justification-center is-layout-flex wp-container-core-social-links-is-layout-a89b3969 wp-block-social-links-is-layout-flex\"><li style=\"color:#FFFFFF;\" class=\"wp-social-link wp-social-link-facebook has-accent-1-color wp-block-social-link\"><a href=\"https:\/\/www.facebook.com\/camping.sierradegata\" class=\"wp-block-social-link-anchor\"><svg width=\"24\" height=\"24\" viewbox=\"0 0 24 24\" version=\"1.1\" xmlns=\"http:\/\/www.w3.org\/2000\/svg\" aria-hidden=\"true\" focusable=\"false\"><path d=\"M12 2C6.5 2 2 6.5 2 12c0 5 3.7 9.1 8.4 9.9v-7H7.9V12h2.5V9.8c0-2.5 1.5-3.9 3.8-3.9 1.1 0 2.2.2 2.2.2v2.5h-1.3c-1.2 0-1.6.8-1.6 1.6V12h2.8l-.4 2.9h-2.3v7C18.3 21.1 22 17 22 12c0-5.5-4.5-10-10-10z\"><\/path><\/svg><span class=\"wp-block-social-link-label screen-reader-text\">Facebook<\/span><\/a><\/li>\n\n<li style=\"color:#FFFFFF;\" class=\"wp-social-link wp-social-link-instagram has-accent-1-color wp-block-social-link\"><a href=\"https:\/\/www.instagram.com\/camping.sierradegata\" class=\"wp-block-social-link-anchor\"><svg width=\"24\" height=\"24\" viewbox=\"0 0 24 24\" version=\"1.1\" xmlns=\"http:\/\/www.w3.org\/2000\/svg\" aria-hidden=\"true\" focusable=\"false\"><path d=\"M12,4.622c2.403,0,2.688,0.009,3.637,0.052c0.877,0.04,1.354,0.187,1.671,0.31c0.42,0.163,0.72,0.358,1.035,0.673 c0.315,0.315,0.51,0.615,0.673,1.035c0.123,0.317,0.27,0.794,0.31,1.671c0.043,0.949,0.052,1.234,0.052,3.637 s-0.009,2.688-0.052,3.637c-0.04,0.877-0.187,1.354-0.31,1.671c-0.163,0.42-0.358,0.72-0.673,1.035 c-0.315,0.315-0.615,0.51-1.035,0.673c-0.317,0.123-0.794,0.27-1.671,0.31c-0.949,0.043-1.233,0.052-3.637,0.052 s-2.688-0.009-3.637-0.052c-0.877-0.04-1.354-0.187-1.671-0.31c-0.42-0.163-0.72-0.358-1.035-0.673 c-0.315-0.315-0.51-0.615-0.673-1.035c-0.123-0.317-0.27-0.794-0.31-1.671C4.631,14.688,4.622,14.403,4.622,12 s0.009-2.688,0.052-3.637c0.04-0.877,0.187-1.354,0.31-1.671c0.163-0.42,0.358-0.72,0.673-1.035 c0.315-0.315,0.615-0.51,1.035-0.673c0.317-0.123,0.794-0.27,1.671-0.31C9.312,4.631,9.597,4.622,12,4.622 M12,3 C9.556,3,9.249,3.01,8.289,3.054C7.331,3.098,6.677,3.25,6.105,3.472C5.513,3.702,5.011,4.01,4.511,4.511 c-0.5,0.5-0.808,1.002-1.038,1.594C3.25,6.677,3.098,7.331,3.054,8.289C3.01,9.249,3,9.556,3,12c0,2.444,0.01,2.751,0.054,3.711 c0.044,0.958,0.196,1.612,0.418,2.185c0.23,0.592,0.538,1.094,1.038,1.594c0.5,0.5,1.002,0.808,1.594,1.038 c0.572,0.222,1.227,0.375,2.185,0.418C9.249,20.99,9.556,21,12,21s2.751-0.01,3.711-0.054c0.958-0.044,1.612-0.196,2.185-0.418 c0.592-0.23,1.094-0.538,1.594-1.038c0.5-0.5,0.808-1.002,1.038-1.594c0.222-0.572,0.375-1.227,0.418-2.185 C20.99,14.751,21,14.444,21,12s-0.01-2.751-0.054-3.711c-0.044-0.958-0.196-1.612-0.418-2.185c-0.23-0.592-0.538-1.094-1.038-1.594 c-0.5-0.5-1.002-0.808-1.594-1.038c-0.572-0.222-1.227-0.375-2.185-0.418C14.751,3.01,14.444,3,12,3L12,3z M12,7.378 c-2.552,0-4.622,2.069-4.622,4.622S9.448,16.622,12,16.622s4.622-2.069,4.622-4.622S14.552,7.378,12,7.378z M12,15 c-1.657,0-3-1.343-3-3s1.343-3,3-3s3,1.343,3,3S13.657,15,12,15z M16.804,6.116c-0.596,0-1.08,0.484-1.08,1.08 s0.484,1.08,1.08,1.08c0.596,0,1.08-0.484,1.08-1.08S17.401,6.116,16.804,6.116z\"><\/path><\/svg><span class=\"wp-block-social-link-label screen-reader-text\">Instagram<\/span><\/a><\/li>\n\n<li style=\"color:#FFFFFF;\" class=\"wp-social-link wp-social-link-mail has-accent-1-color wp-block-social-link\"><a href=\"mailto:recepcion-gata@gebidexsa.es\" class=\"wp-block-social-link-anchor\"><svg width=\"24\" height=\"24\" viewbox=\"0 0 24 24\" version=\"1.1\" xmlns=\"http:\/\/www.w3.org\/2000\/svg\" aria-hidden=\"true\" focusable=\"false\"><path d=\"M19,5H5c-1.1,0-2,.9-2,2v10c0,1.1.9,2,2,2h14c1.1,0,2-.9,2-2V7c0-1.1-.9-2-2-2zm.5,12c0,.3-.2.5-.5.5H5c-.3,0-.5-.2-.5-.5V9.8l7.5,5.6,7.5-5.6V17zm0-9.1L12,13.6,4.5,7.9V7c0-.3.2-.5.5-.5h14c.3,0,.5.2.5.5v.9z\"><\/path><\/svg><span class=\"wp-block-social-link-label screen-reader-text\">Mail<\/span><\/a><\/li><\/ul>\n\n\n\n<div class=\"wp-block-buttons is-content-justification-center is-layout-flex wp-container-core-buttons-is-layout-a89b3969 wp-block-buttons-is-layout-flex\">\n<div class=\"wp-block-button is-style-outline is-style-outline--11\"><a class=\"wp-block-button__link wp-element-button\" href=\"tel:+34650372783\" style=\"border-width:3px\"><strong>(+34) 650 372 783<\/strong><\/a><\/div>\n<\/div>\n<\/div>\n<\/div>\n<\/div><\/div>\n\n\n\n<p><\/p>","protected":false},"excerpt":{"rendered":"<p>El camping El Camping Sierra de Gata est\u00e1 ubicado a 4 km del municipio de Gata, C\u00e1ceres, en pleno coraz\u00f3n de la Sierra de Gata. Zona conocida por su belleza natural, que ofrece un entorno perfecto para disfrutar de la naturaleza y el aire libre, ideal para quienes buscan relajarse o practicar actividades al aire [&hellip;]<\/p>\n","protected":false},"author":1,"featured_media":0,"parent":0,"menu_order":0,"comment_status":"closed","ping_status":"closed","template":"","meta":{"footnotes":""},"class_list":["post-13","page","type-page","status-publish","hentry"],"jetpack_sharing_enabled":true,"_links":{"self":[{"href":"https:\/\/www.campingsierradegata.es\/en\/wp-json\/wp\/v2\/pages\/13","targetHints":{"allow":["GET"]}}],"collection":[{"href":"https:\/\/www.campingsierradegata.es\/en\/wp-json\/wp\/v2\/pages"}],"about":[{"href":"https:\/\/www.campingsierradegata.es\/en\/wp-json\/wp\/v2\/types\/page"}],"author":[{"embeddable":true,"href":"https:\/\/www.campingsierradegata.es\/en\/wp-json\/wp\/v2\/users\/1"}],"replies":[{"embeddable":true,"href":"https:\/\/www.campingsierradegata.es\/en\/wp-json\/wp\/v2\/comments?post=13"}],"version-history":[{"count":75,"href":"https:\/\/www.campingsierradegata.es\/en\/wp-json\/wp\/v2\/pages\/13\/revisions"}],"predecessor-version":[{"id":842,"href":"https:\/\/www.campingsierradegata.es\/en\/wp-json\/wp\/v2\/pages\/13\/revisions\/842"}],"wp:attachment":[{"href":"https:\/\/www.campingsierradegata.es\/en\/wp-json\/wp\/v2\/media?parent=13"}],"curies":[{"name":"wp","href":"https:\/\/api.w.org\/{rel}","templated":true}]}}