{"id":134,"date":"2025-03-17T14:22:08","date_gmt":"2025-03-17T13:22:08","guid":{"rendered":"https:\/\/dev.campingsierradegata.es\/?page_id=134"},"modified":"2026-04-01T14:49:16","modified_gmt":"2026-04-01T12:49:16","slug":"cafe-bar","status":"publish","type":"page","link":"https:\/\/www.campingsierradegata.es\/en\/camping-bungalows-sierra-de-gata\/cafe-bar\/","title":{"rendered":"BAR"},"content":{"rendered":"\n<div style=\"aspect-ratio:16\/9;min-height:unset;\" class=\"wp-block-cover alignwide has-aspect-ratio\"><img loading=\"lazy\" decoding=\"async\" width=\"2560\" height=\"1920\" class=\"wp-block-cover__image-background wp-image-148\" alt=\"Vista exterior Bar-Cafeter\u00eda Camping Sierra de Gata\" src=\"https:\/\/www.campingsierradegata.es\/wp-content\/uploads\/2025\/03\/Restaurante-Sierra-Gata-Camping-Bar-Cafeteria-1-scaled.jpg\" data-object-fit=\"cover\" srcset=\"https:\/\/www.campingsierradegata.es\/wp-content\/uploads\/2025\/03\/Restaurante-Sierra-Gata-Camping-Bar-Cafeteria-1-scaled.jpg 2560w, https:\/\/www.campingsierradegata.es\/wp-content\/uploads\/2025\/03\/Restaurante-Sierra-Gata-Camping-Bar-Cafeteria-1-300x225.jpg 300w, https:\/\/www.campingsierradegata.es\/wp-content\/uploads\/2025\/03\/Restaurante-Sierra-Gata-Camping-Bar-Cafeteria-1-1024x768.jpg 1024w, https:\/\/www.campingsierradegata.es\/wp-content\/uploads\/2025\/03\/Restaurante-Sierra-Gata-Camping-Bar-Cafeteria-1-768x576.jpg 768w, https:\/\/www.campingsierradegata.es\/wp-content\/uploads\/2025\/03\/Restaurante-Sierra-Gata-Camping-Bar-Cafeteria-1-1536x1152.jpg 1536w, https:\/\/www.campingsierradegata.es\/wp-content\/uploads\/2025\/03\/Restaurante-Sierra-Gata-Camping-Bar-Cafeteria-1-2048x1536.jpg 2048w, https:\/\/www.campingsierradegata.es\/wp-content\/uploads\/2025\/03\/Restaurante-Sierra-Gata-Camping-Bar-Cafeteria-1-16x12.jpg 16w\" sizes=\"auto, (max-width: 2560px) 100vw, 2560px\" \/><span aria-hidden=\"true\" class=\"wp-block-cover__background has-background-dim\" style=\"background-color:#797373\"><\/span><div class=\"wp-block-cover__inner-container has-global-padding is-layout-constrained wp-block-cover-is-layout-constrained\">\n<h2 class=\"wp-block-heading has-text-align-center has-x-large-font-size\" style=\"border-width:2px;padding-top:var(--wp--preset--spacing--20);padding-right:var(--wp--preset--spacing--20);padding-bottom:var(--wp--preset--spacing--20);padding-left:var(--wp--preset--spacing--20)\">GASTRONOM\u00cdA EXTREME\u00d1A PARA TODA LA FAMILIA Y AMIGOS<\/h2>\n<\/div><\/div>\n\n\n\n<div style=\"aspect-ratio:auto;min-height:unset;\" class=\"wp-block-cover alignfull has-small-font-size has-aspect-ratio\"><img loading=\"lazy\" decoding=\"async\" width=\"2560\" height=\"1920\" class=\"wp-block-cover__image-background wp-image-375\" alt=\"Imagen decorativa elemento de reserva online\" src=\"https:\/\/www.campingsierradegata.es\/wp-content\/uploads\/2025\/03\/IMG_20241207_182041-scaled.jpg\" style=\"object-position:48% 81%\" data-object-fit=\"cover\" data-object-position=\"48% 81%\" srcset=\"https:\/\/www.campingsierradegata.es\/wp-content\/uploads\/2025\/03\/IMG_20241207_182041-scaled.jpg 2560w, https:\/\/www.campingsierradegata.es\/wp-content\/uploads\/2025\/03\/IMG_20241207_182041-300x225.jpg 300w, https:\/\/www.campingsierradegata.es\/wp-content\/uploads\/2025\/03\/IMG_20241207_182041-1024x768.jpg 1024w, https:\/\/www.campingsierradegata.es\/wp-content\/uploads\/2025\/03\/IMG_20241207_182041-768x576.jpg 768w, https:\/\/www.campingsierradegata.es\/wp-content\/uploads\/2025\/03\/IMG_20241207_182041-1536x1152.jpg 1536w, https:\/\/www.campingsierradegata.es\/wp-content\/uploads\/2025\/03\/IMG_20241207_182041-2048x1536.jpg 2048w\" sizes=\"auto, (max-width: 2560px) 100vw, 2560px\" \/><span aria-hidden=\"true\" class=\"wp-block-cover__background has-background-dim\" style=\"background-color:#5d6d85\"><\/span><div class=\"wp-block-cover__inner-container is-layout-flow wp-block-cover-is-layout-flow\">\n<div class=\"wp-block-group alignfull has-small-font-size has-global-padding is-layout-constrained wp-block-group-is-layout-constrained\">\n<thr-search-engine hide-categories-type=\"1\" search-text=\"Reservar\"><\/thr-search-engine>\n<\/div>\n<\/div><\/div>\n\n\n\n<div class=\"wp-block-columns alignwide is-style-default is-layout-flex wp-container-core-columns-is-layout-bbf6143c wp-block-columns-is-layout-flex\" style=\"padding-top:var(--wp--preset--spacing--30);padding-right:var(--wp--preset--spacing--30);padding-bottom:var(--wp--preset--spacing--30);padding-left:var(--wp--preset--spacing--30)\">\n<div class=\"wp-block-column is-layout-flow wp-block-column-is-layout-flow\">\n<p class=\"has-large-font-size\">Nuestro camping cuenta con una acogedora zona de <strong>caf\u00e9 bar<\/strong>, con un <strong>sal\u00f3n interior <\/strong>y una <strong>terraza exterior <\/strong>para disfrutar al aire libre.<\/p>\n\n\n\n<p class=\"has-large-font-size\">Ofrecemos una amplia <strong>carta de bebidas <\/strong>y una variedad de <strong>comidas para todos los gustos<\/strong>.<\/p>\n\n\n\n<p class=\"has-large-font-size\">Las <strong>mascotas <\/strong>no est\u00e1n permitidas en la zona de comedor\/sal\u00f3n interior.<\/p>\n<\/div>\n\n\n\n<div class=\"wp-block-column is-layout-flow wp-block-column-is-layout-flow\">\n<figure class=\"wp-block-pullquote\"><blockquote><p><em>\u00abAut\u00e9ntica gastronom\u00eda extreme\u00f1a a tu alcance.\u00bb<\/em><\/p><\/blockquote><\/figure>\n<\/div>\n<\/div>\n\n\n\n<hr class=\"wp-block-separator has-alpha-channel-opacity\"\/>\n\n\n\n<div class=\"wp-block-media-text alignwide has-media-on-the-right is-stacked-on-mobile\"><div class=\"wp-block-media-text__content\">\n<h3 class=\"wp-block-heading\">Gastronom\u00eda Extreme\u00f1a<\/h3>\n\n\n\n<p>Te ofrecemos nuestra <strong>carta <\/strong>con snacks, ensaladas, paellas, carnes, pescados&#8230;<\/p>\n\n\n\n<p><a href=\"https:\/\/www.camping-extremadura.com\/r-cg\/202604-Carta-Gata.pdf\" target=\"_blank\" rel=\"noreferrer noopener nofollow\">Descargar carta [PDF]<\/a><\/p>\n<\/div><figure class=\"wp-block-media-text__media\"><img loading=\"lazy\" decoding=\"async\" width=\"950\" height=\"540\" src=\"https:\/\/www.campingsierradegata.es\/wp-content\/uploads\/2025\/03\/foto-plato-jamon.jpg\" alt=\"Raci\u00f3n de jam\u00f3n\" class=\"wp-image-391 size-full\" srcset=\"https:\/\/www.campingsierradegata.es\/wp-content\/uploads\/2025\/03\/foto-plato-jamon.jpg 950w, https:\/\/www.campingsierradegata.es\/wp-content\/uploads\/2025\/03\/foto-plato-jamon-300x171.jpg 300w, https:\/\/www.campingsierradegata.es\/wp-content\/uploads\/2025\/03\/foto-plato-jamon-768x437.jpg 768w\" sizes=\"auto, (max-width: 950px) 100vw, 950px\" \/><\/figure><\/div>\n\n\n\n<div class=\"wp-block-media-text alignwide is-stacked-on-mobile is-image-fill-element\"><figure class=\"wp-block-media-text__media\"><img loading=\"lazy\" decoding=\"async\" width=\"1024\" height=\"683\" src=\"https:\/\/www.campingsierradegata.es\/wp-content\/uploads\/2025\/03\/brindis-vino-tinto-1024x683.jpg\" alt=\"Brindis vino tinto\" class=\"wp-image-141 size-full\" style=\"object-position:50% 50%\" srcset=\"https:\/\/www.campingsierradegata.es\/wp-content\/uploads\/2025\/03\/brindis-vino-tinto-1024x683.jpg 1024w, https:\/\/www.campingsierradegata.es\/wp-content\/uploads\/2025\/03\/brindis-vino-tinto-300x200.jpg 300w, https:\/\/www.campingsierradegata.es\/wp-content\/uploads\/2025\/03\/brindis-vino-tinto-768x512.jpg 768w, https:\/\/www.campingsierradegata.es\/wp-content\/uploads\/2025\/03\/brindis-vino-tinto-1536x1024.jpg 1536w, https:\/\/www.campingsierradegata.es\/wp-content\/uploads\/2025\/03\/brindis-vino-tinto-18x12.jpg 18w, https:\/\/www.campingsierradegata.es\/wp-content\/uploads\/2025\/03\/brindis-vino-tinto.jpg 1920w\" sizes=\"auto, (max-width: 1024px) 100vw, 1024px\" \/><\/figure><div class=\"wp-block-media-text__content\">\n<h3 class=\"wp-block-heading\">Carta de bebidas<\/h3>\n\n\n\n<p>Vinos de la DOP Ribera del Guadiana, referencias nacionales, refrescos&#8230;<\/p>\n\n\n\n<p>\u00bfQu\u00e9 te apetece hoy?<\/p>\n<\/div><\/div>\n\n\n\n<p><\/p>\n","protected":false},"excerpt":{"rendered":"<p>Nuestro camping cuenta con una acogedora zona de caf\u00e9 bar, con un sal\u00f3n interior y una terraza exterior para disfrutar al aire libre. Ofrecemos una amplia carta de bebidas y una variedad de comidas para todos los gustos. Las mascotas no est\u00e1n permitidas en la zona de comedor\/sal\u00f3n interior. \u00abAut\u00e9ntica gastronom\u00eda extreme\u00f1a a tu alcance.\u00bb [&hellip;]<\/p>\n","protected":false},"author":1,"featured_media":0,"parent":13,"menu_order":13,"comment_status":"closed","ping_status":"closed","template":"","meta":{"footnotes":""},"class_list":["post-134","page","type-page","status-publish","hentry"],"jetpack_sharing_enabled":true,"_links":{"self":[{"href":"https:\/\/www.campingsierradegata.es\/en\/wp-json\/wp\/v2\/pages\/134","targetHints":{"allow":["GET"]}}],"collection":[{"href":"https:\/\/www.campingsierradegata.es\/en\/wp-json\/wp\/v2\/pages"}],"about":[{"href":"https:\/\/www.campingsierradegata.es\/en\/wp-json\/wp\/v2\/types\/page"}],"author":[{"embeddable":true,"href":"https:\/\/www.campingsierradegata.es\/en\/wp-json\/wp\/v2\/users\/1"}],"replies":[{"embeddable":true,"href":"https:\/\/www.campingsierradegata.es\/en\/wp-json\/wp\/v2\/comments?post=134"}],"version-history":[{"count":29,"href":"https:\/\/www.campingsierradegata.es\/en\/wp-json\/wp\/v2\/pages\/134\/revisions"}],"predecessor-version":[{"id":844,"href":"https:\/\/www.campingsierradegata.es\/en\/wp-json\/wp\/v2\/pages\/134\/revisions\/844"}],"up":[{"embeddable":true,"href":"https:\/\/www.campingsierradegata.es\/en\/wp-json\/wp\/v2\/pages\/13"}],"wp:attachment":[{"href":"https:\/\/www.campingsierradegata.es\/en\/wp-json\/wp\/v2\/media?parent=134"}],"curies":[{"name":"wp","href":"https:\/\/api.w.org\/{rel}","templated":true}]}}