{"id":145,"date":"2025-03-17T15:04:27","date_gmt":"2025-03-17T14:04:27","guid":{"rendered":"https:\/\/dev.campingsierradegata.es\/?page_id=145"},"modified":"2025-09-03T12:37:50","modified_gmt":"2025-09-03T10:37:50","slug":"instalaciones-y-servicios","status":"publish","type":"page","link":"https:\/\/www.campingsierradegata.es\/en\/camping-bungalows-sierra-de-gata\/instalaciones-y-servicios\/","title":{"rendered":"FACILITIES AND SERVICES"},"content":{"rendered":"<div style=\"aspect-ratio:16\/9;min-height:unset;\" class=\"wp-block-cover alignwide has-aspect-ratio\"><img loading=\"lazy\" decoding=\"async\" width=\"2560\" height=\"1629\" class=\"wp-block-cover__image-background wp-image-352\" alt=\"Imagen decorativa vista general de las instalaciones del camping\" src=\"https:\/\/www.campingsierradegata.es\/wp-content\/uploads\/2025\/03\/Vista-general-instalaciones-scaled.jpg\" data-object-fit=\"cover\" srcset=\"https:\/\/www.campingsierradegata.es\/wp-content\/uploads\/2025\/03\/Vista-general-instalaciones-scaled.jpg 2560w, https:\/\/www.campingsierradegata.es\/wp-content\/uploads\/2025\/03\/Vista-general-instalaciones-300x191.jpg 300w, https:\/\/www.campingsierradegata.es\/wp-content\/uploads\/2025\/03\/Vista-general-instalaciones-1024x652.jpg 1024w, https:\/\/www.campingsierradegata.es\/wp-content\/uploads\/2025\/03\/Vista-general-instalaciones-768x489.jpg 768w, https:\/\/www.campingsierradegata.es\/wp-content\/uploads\/2025\/03\/Vista-general-instalaciones-1536x978.jpg 1536w, https:\/\/www.campingsierradegata.es\/wp-content\/uploads\/2025\/03\/Vista-general-instalaciones-2048x1303.jpg 2048w\" sizes=\"auto, (max-width: 2560px) 100vw, 2560px\" \/><span aria-hidden=\"true\" class=\"wp-block-cover__background has-contrast-background-color has-background-dim-10 has-background-dim\"><\/span><div class=\"wp-block-cover__inner-container has-global-padding is-layout-constrained wp-block-cover-is-layout-constrained\">\n<h2 class=\"wp-block-heading has-text-align-center is-style-default has-x-large-font-size translation-block\" style=\"border-width:2px;border-radius:0px;margin-right:0;margin-left:0;padding-top:var(--wp--preset--spacing--20);padding-right:var(--wp--preset--spacing--20);padding-bottom:var(--wp--preset--spacing--20);padding-left:var(--wp--preset--spacing--20)\">EXCELLENT FACILITIES FOR AN UNFORGETTABLE STAY.<\/h2>\n<\/div><\/div>\n\n\n\n<div style=\"aspect-ratio:auto;min-height:unset;\" class=\"wp-block-cover alignfull is-light has-small-font-size has-aspect-ratio\"><img loading=\"lazy\" decoding=\"async\" width=\"2560\" height=\"1829\" class=\"wp-block-cover__image-background wp-image-242\" alt=\"Imagen decorativa elemento de reserva online\" src=\"https:\/\/www.campingsierradegata.es\/wp-content\/uploads\/2025\/03\/Pistas-deportivas-scaled.jpeg\" data-object-fit=\"cover\" srcset=\"https:\/\/www.campingsierradegata.es\/wp-content\/uploads\/2025\/03\/Pistas-deportivas-scaled.jpeg 2560w, https:\/\/www.campingsierradegata.es\/wp-content\/uploads\/2025\/03\/Pistas-deportivas-300x214.jpeg 300w, https:\/\/www.campingsierradegata.es\/wp-content\/uploads\/2025\/03\/Pistas-deportivas-1024x731.jpeg 1024w, https:\/\/www.campingsierradegata.es\/wp-content\/uploads\/2025\/03\/Pistas-deportivas-768x549.jpeg 768w, https:\/\/www.campingsierradegata.es\/wp-content\/uploads\/2025\/03\/Pistas-deportivas-1536x1097.jpeg 1536w, https:\/\/www.campingsierradegata.es\/wp-content\/uploads\/2025\/03\/Pistas-deportivas-2048x1463.jpeg 2048w\" sizes=\"auto, (max-width: 2560px) 100vw, 2560px\" \/><span aria-hidden=\"true\" class=\"wp-block-cover__background has-background-dim\" style=\"background-color:#a39181\"><\/span><div class=\"wp-block-cover__inner-container is-layout-flow wp-block-cover-is-layout-flow\">\n<div class=\"wp-block-group alignfull has-small-font-size has-global-padding is-layout-constrained wp-block-group-is-layout-constrained\">\n<thr-search-engine hide-categories-type=\"1\" search-text=\"Reservar\"><\/thr-search-engine>\n<\/div>\n<\/div><\/div>\n\n\n\n<div class=\"wp-block-media-text alignwide is-stacked-on-mobile\"><figure class=\"wp-block-media-text__media\"><img loading=\"lazy\" decoding=\"async\" width=\"1024\" height=\"975\" src=\"https:\/\/www.campingsierradegata.es\/wp-content\/uploads\/2025\/03\/recepcion-camping-sierra-gata-1024x975.jpg\" alt=\"Recepci\u00f3n del Camping Sierra de Gata\" class=\"wp-image-396 size-large\" srcset=\"https:\/\/www.campingsierradegata.es\/wp-content\/uploads\/2025\/03\/recepcion-camping-sierra-gata-1024x975.jpg 1024w, https:\/\/www.campingsierradegata.es\/wp-content\/uploads\/2025\/03\/recepcion-camping-sierra-gata-300x286.jpg 300w, https:\/\/www.campingsierradegata.es\/wp-content\/uploads\/2025\/03\/recepcion-camping-sierra-gata-768x731.jpg 768w, https:\/\/www.campingsierradegata.es\/wp-content\/uploads\/2025\/03\/recepcion-camping-sierra-gata-1536x1463.jpg 1536w, https:\/\/www.campingsierradegata.es\/wp-content\/uploads\/2025\/03\/recepcion-camping-sierra-gata-2048x1950.jpg 2048w\" sizes=\"auto, (max-width: 1024px) 100vw, 1024px\" \/><\/figure><div class=\"wp-block-media-text__content\">\n<h2 class=\"wp-block-heading is-style-default\">Reception<\/h2>\n\n\n\n<p class=\"translation-block\">Upon your arrival, we'll welcome you at our Reception, located right at the campsite entrance.<\/p>\n\n\n\n<p class=\"translation-block\">We are available from 09:00 to 21:00 to help you with any queries or needs you may have during your stay.<\/p>\n\n\n\n<ul class=\"wp-block-list\">\n<li><a href=\"tel:+34650372783\">650 372 783<\/a><\/li>\n\n\n\n<li><a href=\"tel:+34927194556\">927 194 556<\/a><\/li>\n<\/ul>\n<\/div><\/div>\n\n\n\n<div class=\"wp-block-media-text alignwide has-media-on-the-right is-stacked-on-mobile\"><div class=\"wp-block-media-text__content\">\n<h2 class=\"wp-block-heading is-style-default\">Entertainment Activities<\/h2>\n\n\n\n<p class=\"translation-block\">UPDATE: Last available day of the season: September 4th, 2025.<\/p>\n\n\n\n<p class=\"translation-block\">During the summer season, we offer an entertainment program with leisure and sports activities for children and adults.<\/p>\n\n\n\n<p class=\"translation-block\">Have fun with our activities!<\/p>\n<\/div><figure class=\"wp-block-media-text__media\"><img loading=\"lazy\" decoding=\"async\" width=\"1024\" height=\"724\" src=\"https:\/\/www.campingsierradegata.es\/wp-content\/uploads\/2025\/08\/Animacion-camping-1024x724.jpg\" alt=\"\" class=\"wp-image-746 size-full\" srcset=\"https:\/\/www.campingsierradegata.es\/wp-content\/uploads\/2025\/08\/Animacion-camping-1024x724.jpg 1024w, https:\/\/www.campingsierradegata.es\/wp-content\/uploads\/2025\/08\/Animacion-camping-300x212.jpg 300w, https:\/\/www.campingsierradegata.es\/wp-content\/uploads\/2025\/08\/Animacion-camping-768x543.jpg 768w, https:\/\/www.campingsierradegata.es\/wp-content\/uploads\/2025\/08\/Animacion-camping-18x12.jpg 18w, https:\/\/www.campingsierradegata.es\/wp-content\/uploads\/2025\/08\/Animacion-camping.jpg 1401w\" sizes=\"auto, (max-width: 1024px) 100vw, 1024px\" \/><\/figure><\/div>\n\n\n\n<div class=\"wp-block-media-text alignwide is-stacked-on-mobile\"><figure class=\"wp-block-media-text__media\"><img loading=\"lazy\" decoding=\"async\" width=\"900\" height=\"1024\" src=\"https:\/\/www.campingsierradegata.es\/wp-content\/uploads\/2025\/07\/Piscinas-Camping-Sierra-de-Gata.jpg\" alt=\"\" class=\"wp-image-716 size-large\" srcset=\"https:\/\/www.campingsierradegata.es\/wp-content\/uploads\/2025\/07\/Piscinas-Camping-Sierra-de-Gata.jpg 900w, https:\/\/www.campingsierradegata.es\/wp-content\/uploads\/2025\/07\/Piscinas-Camping-Sierra-de-Gata-264x300.jpg 264w, https:\/\/www.campingsierradegata.es\/wp-content\/uploads\/2025\/07\/Piscinas-Camping-Sierra-de-Gata-768x874.jpg 768w, https:\/\/www.campingsierradegata.es\/wp-content\/uploads\/2025\/07\/Piscinas-Camping-Sierra-de-Gata-11x12.jpg 11w\" sizes=\"auto, (max-width: 900px) 100vw, 900px\" \/><\/figure><div class=\"wp-block-media-text__content\">\n<h2 class=\"wp-block-heading is-style-default\">Swimming Pools<\/h2>\n\n\n\n<p class=\"translation-block\">UPDATE: Last available day of the season: September 8th, 2025.<\/p>\n\n\n\n<p class=\"translation-block\">Our facilities include a natural grass area, where you can enjoy an adult swimming pool and another specifically designed for children.<\/p>\n\n\n\n<p class=\"translation-block\">The natural pool of Puente de la Huerta is located right next to the campsite entrance, and offers a beautiful swimming area with crystal clear waters.<\/p>\n\n\n\n<p class=\"translation-block\">The adult pool is accessible for guests with reduced mobility.<\/p>\n<\/div><\/div>\n\n\n\n<div class=\"wp-block-media-text alignwide has-media-on-the-right is-stacked-on-mobile\"><div class=\"wp-block-media-text__content\">\n<h2 class=\"wp-block-heading is-style-default\">Motorhome Service Point<\/h2>\n\n\n\n<p class=\"translation-block\">For your convenience, our campsite provides a dedicated motorhome and caravan service point, with facilities for chemical toilet emptying and water refill and grey water disposal, making things easy for our touring guests.<\/p>\n<\/div><figure class=\"wp-block-media-text__media\"><img loading=\"lazy\" decoding=\"async\" width=\"937\" height=\"1024\" src=\"https:\/\/www.campingsierradegata.es\/wp-content\/uploads\/2025\/03\/area-de-desague-y-limpieza-de-caravanas-937x1024.jpg\" alt=\"Servicio para autocaravanas en el Camping de Gata\" class=\"wp-image-248 size-large\" srcset=\"https:\/\/www.campingsierradegata.es\/wp-content\/uploads\/2025\/03\/area-de-desague-y-limpieza-de-caravanas-937x1024.jpg 937w, https:\/\/www.campingsierradegata.es\/wp-content\/uploads\/2025\/03\/area-de-desague-y-limpieza-de-caravanas-274x300.jpg 274w, https:\/\/www.campingsierradegata.es\/wp-content\/uploads\/2025\/03\/area-de-desague-y-limpieza-de-caravanas-768x840.jpg 768w, https:\/\/www.campingsierradegata.es\/wp-content\/uploads\/2025\/03\/area-de-desague-y-limpieza-de-caravanas-1405x1536.jpg 1405w, https:\/\/www.campingsierradegata.es\/wp-content\/uploads\/2025\/03\/area-de-desague-y-limpieza-de-caravanas-1873x2048.jpg 1873w\" sizes=\"auto, (max-width: 937px) 100vw, 937px\" \/><\/figure><\/div>\n\n\n\n<div class=\"wp-block-media-text alignwide is-stacked-on-mobile\"><figure class=\"wp-block-media-text__media\"><img loading=\"lazy\" decoding=\"async\" width=\"1024\" height=\"768\" src=\"https:\/\/www.campingsierradegata.es\/wp-content\/uploads\/2025\/03\/lavanderia-camping-1-1024x768.jpg\" alt=\"Zona de lavander\u00eda del camping\" class=\"wp-image-334 size-large\" srcset=\"https:\/\/www.campingsierradegata.es\/wp-content\/uploads\/2025\/03\/lavanderia-camping-1-1024x768.jpg 1024w, https:\/\/www.campingsierradegata.es\/wp-content\/uploads\/2025\/03\/lavanderia-camping-1-300x225.jpg 300w, https:\/\/www.campingsierradegata.es\/wp-content\/uploads\/2025\/03\/lavanderia-camping-1-768x576.jpg 768w, https:\/\/www.campingsierradegata.es\/wp-content\/uploads\/2025\/03\/lavanderia-camping-1-1536x1152.jpg 1536w, https:\/\/www.campingsierradegata.es\/wp-content\/uploads\/2025\/03\/lavanderia-camping-1-2048x1536.jpg 2048w\" sizes=\"auto, (max-width: 1024px) 100vw, 1024px\" \/><\/figure><div class=\"wp-block-media-text__content\">\n<h2 class=\"wp-block-heading is-style-default\">Laundry Room<\/h2>\n\n\n\n<p class=\"translation-block\">Our facilities include a laundry area featuring two washing machines and a tumble dryer, allowing you to conveniently wash and dry your laundry throughout your stay.<\/p>\n<\/div><\/div>\n\n\n\n<div class=\"wp-block-media-text alignwide has-media-on-the-right is-stacked-on-mobile\"><div class=\"wp-block-media-text__content\">\n<h2 class=\"wp-block-heading is-style-default\">Multi-sports court<\/h2>\n\n\n\n<p class=\"translation-block\">If you're a sports enthusiast, you'll find a multi-sports court at our facilities, where you can enjoy various activities and stay active during your stay.<\/p>\n<\/div><figure class=\"wp-block-media-text__media\"><img loading=\"lazy\" decoding=\"async\" width=\"1024\" height=\"768\" src=\"https:\/\/www.campingsierradegata.es\/wp-content\/uploads\/2025\/03\/servicios-camping-pista-baloncesto-1024x768.jpg\" alt=\"Pista polideportiva con ni\u00f1os jugando\" class=\"wp-image-147 size-large\" srcset=\"https:\/\/www.campingsierradegata.es\/wp-content\/uploads\/2025\/03\/servicios-camping-pista-baloncesto-1024x768.jpg 1024w, https:\/\/www.campingsierradegata.es\/wp-content\/uploads\/2025\/03\/servicios-camping-pista-baloncesto-300x225.jpg 300w, https:\/\/www.campingsierradegata.es\/wp-content\/uploads\/2025\/03\/servicios-camping-pista-baloncesto-768x576.jpg 768w, https:\/\/www.campingsierradegata.es\/wp-content\/uploads\/2025\/03\/servicios-camping-pista-baloncesto-1536x1152.jpg 1536w, https:\/\/www.campingsierradegata.es\/wp-content\/uploads\/2025\/03\/servicios-camping-pista-baloncesto-2048x1536.jpg 2048w, https:\/\/www.campingsierradegata.es\/wp-content\/uploads\/2025\/03\/servicios-camping-pista-baloncesto-16x12.jpg 16w\" sizes=\"auto, (max-width: 1024px) 100vw, 1024px\" \/><\/figure><\/div>\n\n\n\n<div class=\"wp-block-media-text alignwide is-stacked-on-mobile\"><figure class=\"wp-block-media-text__media\"><img loading=\"lazy\" decoding=\"async\" width=\"1024\" height=\"674\" src=\"https:\/\/www.campingsierradegata.es\/wp-content\/uploads\/2025\/03\/Parque-infantil-1024x674.jpeg\" alt=\"Parque infantil del camping Sierra de Gata\" class=\"wp-image-243 size-large\" srcset=\"https:\/\/www.campingsierradegata.es\/wp-content\/uploads\/2025\/03\/Parque-infantil-1024x674.jpeg 1024w, https:\/\/www.campingsierradegata.es\/wp-content\/uploads\/2025\/03\/Parque-infantil-300x197.jpeg 300w, https:\/\/www.campingsierradegata.es\/wp-content\/uploads\/2025\/03\/Parque-infantil-768x505.jpeg 768w, https:\/\/www.campingsierradegata.es\/wp-content\/uploads\/2025\/03\/Parque-infantil-1536x1010.jpeg 1536w, https:\/\/www.campingsierradegata.es\/wp-content\/uploads\/2025\/03\/Parque-infantil-2048x1347.jpeg 2048w\" sizes=\"auto, (max-width: 1024px) 100vw, 1024px\" \/><\/figure><div class=\"wp-block-media-text__content\">\n<h2 class=\"wp-block-heading is-style-default\">Children's Playground<\/h2>\n\n\n\n<p class=\"translation-block\">Younger campers have their dedicated area for fun too! Our play area features a slide, rope bridge, swings and more. Plus, the special impact-absorbing flooring guarantees their safety as they play.<\/p>\n<\/div><\/div>\n\n\n\n<div class=\"wp-block-media-text alignwide has-media-on-the-right is-stacked-on-mobile\"><div class=\"wp-block-media-text__content\">\n<h2 class=\"wp-block-heading is-style-default\">Games Room<\/h2>\n\n\n\n<p class=\"translation-block\">Our games room is a welcoming space designed for enjoying board games and relaxing in a pleasant atmosphere.<\/p>\n<\/div><figure class=\"wp-block-media-text__media\"><img loading=\"lazy\" decoding=\"async\" width=\"1024\" height=\"768\" src=\"https:\/\/www.campingsierradegata.es\/wp-content\/uploads\/2025\/03\/Sala-juegos-1-1-1024x768.jpg\" alt=\"Sala de juegos del Camping Sierra de Gata\" class=\"wp-image-338 size-large\" srcset=\"https:\/\/www.campingsierradegata.es\/wp-content\/uploads\/2025\/03\/Sala-juegos-1-1-1024x768.jpg 1024w, https:\/\/www.campingsierradegata.es\/wp-content\/uploads\/2025\/03\/Sala-juegos-1-1-300x225.jpg 300w, https:\/\/www.campingsierradegata.es\/wp-content\/uploads\/2025\/03\/Sala-juegos-1-1-768x576.jpg 768w, https:\/\/www.campingsierradegata.es\/wp-content\/uploads\/2025\/03\/Sala-juegos-1-1-1536x1152.jpg 1536w, https:\/\/www.campingsierradegata.es\/wp-content\/uploads\/2025\/03\/Sala-juegos-1-1-2048x1536.jpg 2048w\" sizes=\"auto, (max-width: 1024px) 100vw, 1024px\" \/><\/figure><\/div>\n\n\n\n<div class=\"wp-block-media-text alignwide is-stacked-on-mobile\"><figure class=\"wp-block-media-text__media\"><img loading=\"lazy\" decoding=\"async\" width=\"640\" height=\"426\" src=\"https:\/\/www.campingsierradegata.es\/wp-content\/uploads\/2025\/03\/camping-dog-friendly.avif\" alt=\"Imagen ilustrativa de mascotas - Perro en la naturaleza\" class=\"wp-image-237 size-large\"\/><\/figure><div class=\"wp-block-media-text__content\">\n<h2 class=\"wp-block-heading is-style-default\">Pets<\/h2>\n\n\n\n<p><\/p>\n\n\n\n<details class=\"wp-block-details is-layout-flow wp-block-details-is-layout-flow\"><summary>Pets are welcome at our campsite, provided they have their up-to-date vaccination records. A special supplement will be applied per pet, per night.<\/summary>\n<p class=\"translation-block\">They are allowed in the rental units as well as in most of our facilities, excluding the fenced pool area and the inside of the caf\u00e9-bar.<\/p>\n\n\n\n<p class=\"translation-block\">Furthermore, we have a specific policy to ensure a comfortable and pleasant stay for everyone. You can consult it in the <a href=\"https:\/\/www.campingsierradegata.es\/en\/condiciones-generales\/\" data-type=\"page\" data-id=\"75\" target=\"_self\">internal regulations document<\/a> of the establishment (in Spanish).<\/p>\n<\/details>\n<\/div><\/div>\n\n\n\n<p><\/p>","protected":false},"excerpt":{"rendered":"<p>Animaci\u00f3n ACTUALIZACI\u00d3N: \u00daltimo d\u00eda disponible de la temporada el 4 de septiembre de 2025. Durante la temporada de verano, proponemos un programa de animaci\u00f3n con actividades de ocio y deportivas para ni\u00f1os y adultos. \u00a1Divi\u00e9rtete con nuestras actividades! Piscinas ACTUALIZACI\u00d3N: \u00daltimo d\u00eda disponible de la temporada el 8 de septiembre de 2025. Nuestras instalaciones incluyen [&hellip;]<\/p>\n","protected":false},"author":1,"featured_media":0,"parent":13,"menu_order":14,"comment_status":"closed","ping_status":"closed","template":"","meta":{"footnotes":""},"class_list":["post-145","page","type-page","status-publish","hentry"],"jetpack_sharing_enabled":true,"_links":{"self":[{"href":"https:\/\/www.campingsierradegata.es\/en\/wp-json\/wp\/v2\/pages\/145","targetHints":{"allow":["GET"]}}],"collection":[{"href":"https:\/\/www.campingsierradegata.es\/en\/wp-json\/wp\/v2\/pages"}],"about":[{"href":"https:\/\/www.campingsierradegata.es\/en\/wp-json\/wp\/v2\/types\/page"}],"author":[{"embeddable":true,"href":"https:\/\/www.campingsierradegata.es\/en\/wp-json\/wp\/v2\/users\/1"}],"replies":[{"embeddable":true,"href":"https:\/\/www.campingsierradegata.es\/en\/wp-json\/wp\/v2\/comments?post=145"}],"version-history":[{"count":43,"href":"https:\/\/www.campingsierradegata.es\/en\/wp-json\/wp\/v2\/pages\/145\/revisions"}],"predecessor-version":[{"id":752,"href":"https:\/\/www.campingsierradegata.es\/en\/wp-json\/wp\/v2\/pages\/145\/revisions\/752"}],"up":[{"embeddable":true,"href":"https:\/\/www.campingsierradegata.es\/en\/wp-json\/wp\/v2\/pages\/13"}],"wp:attachment":[{"href":"https:\/\/www.campingsierradegata.es\/en\/wp-json\/wp\/v2\/media?parent=145"}],"curies":[{"name":"wp","href":"https:\/\/api.w.org\/{rel}","templated":true}]}}