{"id":231,"date":"2025-03-18T15:07:31","date_gmt":"2025-03-18T14:07:31","guid":{"rendered":"https:\/\/dev.campingsierradegata.es\/?page_id=231"},"modified":"2026-02-17T13:09:20","modified_gmt":"2026-02-17T12:09:20","slug":"contacto","status":"publish","type":"page","link":"https:\/\/www.campingsierradegata.es\/en\/camping-bungalows-sierra-de-gata\/contacto\/","title":{"rendered":"CONTACT"},"content":{"rendered":"<div class=\"wp-block-group alignfull is-style-section-3 fullwidth is-layout-flow wp-block-group-is-layout-flow is-style-section-3--1\" style=\"margin-top:0;margin-bottom:0\">\n<div class=\"wp-block-media-text is-stacked-on-mobile has-base-background-color has-background\"><figure class=\"wp-block-media-text__media\"><img loading=\"lazy\" decoding=\"async\" width=\"1024\" height=\"768\" src=\"https:\/\/www.campingsierradegata.es\/wp-content\/uploads\/2025\/03\/Foto-panoramica-camping-1-1024x768.jpg\" alt=\"Imagen panor\u00e1mica de la entrada del camping\" class=\"wp-image-404 size-full\" srcset=\"https:\/\/www.campingsierradegata.es\/wp-content\/uploads\/2025\/03\/Foto-panoramica-camping-1-1024x768.jpg 1024w, https:\/\/www.campingsierradegata.es\/wp-content\/uploads\/2025\/03\/Foto-panoramica-camping-1-300x225.jpg 300w, https:\/\/www.campingsierradegata.es\/wp-content\/uploads\/2025\/03\/Foto-panoramica-camping-1-768x576.jpg 768w, https:\/\/www.campingsierradegata.es\/wp-content\/uploads\/2025\/03\/Foto-panoramica-camping-1-1536x1152.jpg 1536w, https:\/\/www.campingsierradegata.es\/wp-content\/uploads\/2025\/03\/Foto-panoramica-camping-1.jpg 1900w\" sizes=\"auto, (max-width: 1024px) 100vw, 1024px\" \/><\/figure><div class=\"wp-block-media-text__content\">\n<div class=\"wp-block-group is-style-default is-layout-flow wp-container-core-group-is-layout-74a4da34 wp-block-group-is-layout-flow\" style=\"padding-top:var(--wp--preset--spacing--50);padding-right:var(--wp--preset--spacing--30);padding-bottom:var(--wp--preset--spacing--50);padding-left:var(--wp--preset--spacing--30)\">\n<h2 class=\"wp-block-heading has-text-align-center has-x-large-font-size\">We are at your disposal<\/h2>\n\n\n\n<p class=\"has-text-align-center\"><strong><a href=\"mailto:recepcion-gata@gebidexsa.es\">recepcion-gata@gebidexsa.es<\/a><\/strong><\/p>\n\n\n\n<p class=\"has-text-align-center\"><strong><a href=\"tel:+34650372783\" data-type=\"tel\" data-id=\"tel:+34650372783\">(+34) 650 372 783<\/a><\/strong><\/p>\n\n\n\n<p class=\"has-text-align-center\"><strong><a href=\"tel:+34927194556\" data-type=\"tel\" data-id=\"tel:+34927194556\">(+34) 927 194 556<\/a><\/strong><\/p>\n\n\n\n<ul class=\"wp-block-social-links aligncenter has-visible-labels is-style-logos-only is-layout-flex wp-block-social-links-is-layout-flex\"><li class=\"wp-social-link wp-social-link-instagram  wp-block-social-link\"><a rel=\"noopener nofollow\" target=\"_blank\" href=\"https:\/\/www.instagram.com\/camping.sierradegata\" class=\"wp-block-social-link-anchor\"><svg width=\"24\" height=\"24\" viewbox=\"0 0 24 24\" version=\"1.1\" xmlns=\"http:\/\/www.w3.org\/2000\/svg\" aria-hidden=\"true\" focusable=\"false\"><path d=\"M12,4.622c2.403,0,2.688,0.009,3.637,0.052c0.877,0.04,1.354,0.187,1.671,0.31c0.42,0.163,0.72,0.358,1.035,0.673 c0.315,0.315,0.51,0.615,0.673,1.035c0.123,0.317,0.27,0.794,0.31,1.671c0.043,0.949,0.052,1.234,0.052,3.637 s-0.009,2.688-0.052,3.637c-0.04,0.877-0.187,1.354-0.31,1.671c-0.163,0.42-0.358,0.72-0.673,1.035 c-0.315,0.315-0.615,0.51-1.035,0.673c-0.317,0.123-0.794,0.27-1.671,0.31c-0.949,0.043-1.233,0.052-3.637,0.052 s-2.688-0.009-3.637-0.052c-0.877-0.04-1.354-0.187-1.671-0.31c-0.42-0.163-0.72-0.358-1.035-0.673 c-0.315-0.315-0.51-0.615-0.673-1.035c-0.123-0.317-0.27-0.794-0.31-1.671C4.631,14.688,4.622,14.403,4.622,12 s0.009-2.688,0.052-3.637c0.04-0.877,0.187-1.354,0.31-1.671c0.163-0.42,0.358-0.72,0.673-1.035 c0.315-0.315,0.615-0.51,1.035-0.673c0.317-0.123,0.794-0.27,1.671-0.31C9.312,4.631,9.597,4.622,12,4.622 M12,3 C9.556,3,9.249,3.01,8.289,3.054C7.331,3.098,6.677,3.25,6.105,3.472C5.513,3.702,5.011,4.01,4.511,4.511 c-0.5,0.5-0.808,1.002-1.038,1.594C3.25,6.677,3.098,7.331,3.054,8.289C3.01,9.249,3,9.556,3,12c0,2.444,0.01,2.751,0.054,3.711 c0.044,0.958,0.196,1.612,0.418,2.185c0.23,0.592,0.538,1.094,1.038,1.594c0.5,0.5,1.002,0.808,1.594,1.038 c0.572,0.222,1.227,0.375,2.185,0.418C9.249,20.99,9.556,21,12,21s2.751-0.01,3.711-0.054c0.958-0.044,1.612-0.196,2.185-0.418 c0.592-0.23,1.094-0.538,1.594-1.038c0.5-0.5,0.808-1.002,1.038-1.594c0.222-0.572,0.375-1.227,0.418-2.185 C20.99,14.751,21,14.444,21,12s-0.01-2.751-0.054-3.711c-0.044-0.958-0.196-1.612-0.418-2.185c-0.23-0.592-0.538-1.094-1.038-1.594 c-0.5-0.5-1.002-0.808-1.594-1.038c-0.572-0.222-1.227-0.375-2.185-0.418C14.751,3.01,14.444,3,12,3L12,3z M12,7.378 c-2.552,0-4.622,2.069-4.622,4.622S9.448,16.622,12,16.622s4.622-2.069,4.622-4.622S14.552,7.378,12,7.378z M12,15 c-1.657,0-3-1.343-3-3s1.343-3,3-3s3,1.343,3,3S13.657,15,12,15z M16.804,6.116c-0.596,0-1.08,0.484-1.08,1.08 s0.484,1.08,1.08,1.08c0.596,0,1.08-0.484,1.08-1.08S17.401,6.116,16.804,6.116z\"><\/path><\/svg><span class=\"wp-block-social-link-label\">camping.sierradegata<\/span><\/a><\/li><\/ul>\n\n\n\n<ul class=\"wp-block-social-links has-visible-labels is-style-logos-only is-content-justification-center is-layout-flex wp-container-core-social-links-is-layout-a89b3969 wp-block-social-links-is-layout-flex\"><li class=\"wp-social-link wp-social-link-facebook  wp-block-social-link\"><a rel=\"noopener nofollow\" target=\"_blank\" href=\"https:\/\/www.facebook.com\/camping.sierradegata\" class=\"wp-block-social-link-anchor\"><svg width=\"24\" height=\"24\" viewbox=\"0 0 24 24\" version=\"1.1\" xmlns=\"http:\/\/www.w3.org\/2000\/svg\" aria-hidden=\"true\" focusable=\"false\"><path d=\"M12 2C6.5 2 2 6.5 2 12c0 5 3.7 9.1 8.4 9.9v-7H7.9V12h2.5V9.8c0-2.5 1.5-3.9 3.8-3.9 1.1 0 2.2.2 2.2.2v2.5h-1.3c-1.2 0-1.6.8-1.6 1.6V12h2.8l-.4 2.9h-2.3v7C18.3 21.1 22 17 22 12c0-5.5-4.5-10-10-10z\"><\/path><\/svg><span class=\"wp-block-social-link-label\">camping.sierradegata<\/span><\/a><\/li><\/ul>\n<\/div>\n<\/div><\/div>\n<\/div>\n\n\n\n<div style=\"aspect-ratio:auto;min-height:unset;\" class=\"wp-block-cover alignfull is-light has-small-font-size has-aspect-ratio\"><img loading=\"lazy\" decoding=\"async\" width=\"1920\" height=\"1201\" class=\"wp-block-cover__image-background wp-image-209\" alt=\"Imagen decorativa elemento de reserva online\" src=\"https:\/\/www.campingsierradegata.es\/wp-content\/uploads\/2025\/03\/sierra-de-gata-castillo-trevejo.jpg\" style=\"object-position:46% 24%\" data-object-fit=\"cover\" data-object-position=\"46% 24%\" srcset=\"https:\/\/www.campingsierradegata.es\/wp-content\/uploads\/2025\/03\/sierra-de-gata-castillo-trevejo.jpg 1920w, https:\/\/www.campingsierradegata.es\/wp-content\/uploads\/2025\/03\/sierra-de-gata-castillo-trevejo-300x188.jpg 300w, https:\/\/www.campingsierradegata.es\/wp-content\/uploads\/2025\/03\/sierra-de-gata-castillo-trevejo-1024x641.jpg 1024w, https:\/\/www.campingsierradegata.es\/wp-content\/uploads\/2025\/03\/sierra-de-gata-castillo-trevejo-768x480.jpg 768w, https:\/\/www.campingsierradegata.es\/wp-content\/uploads\/2025\/03\/sierra-de-gata-castillo-trevejo-1536x961.jpg 1536w, https:\/\/www.campingsierradegata.es\/wp-content\/uploads\/2025\/03\/sierra-de-gata-castillo-trevejo-18x12.jpg 18w\" sizes=\"auto, (max-width: 1920px) 100vw, 1920px\" \/><span aria-hidden=\"true\" class=\"wp-block-cover__background has-background-dim\" style=\"background-color:#93b2cd\"><\/span><div class=\"wp-block-cover__inner-container is-layout-flow wp-block-cover-is-layout-flow\">\n<div class=\"wp-block-group alignfull has-small-font-size has-global-padding is-layout-constrained wp-block-group-is-layout-constrained\">\n<thr-search-engine hide-categories-type=\"1\" search-text=\"Reservar\"><\/thr-search-engine>\n<\/div>\n<\/div><\/div>\n\n\n\n<div class=\"wp-block-columns alignwide is-style-default is-layout-flex wp-container-core-columns-is-layout-28f84493 wp-block-columns-is-layout-flex\">\n<div class=\"wp-block-column has-global-padding is-layout-constrained wp-block-column-is-layout-constrained\">\n<div class=\"wp-block-group is-vertical is-content-justification-center is-layout-flex wp-container-core-group-is-layout-b6c1f246 wp-block-group-is-layout-flex\">\n<h2 class=\"wp-block-heading\">Address<\/h2>\n\n\n\n<p><strong>Sierra de Gata Camping Bungalows<\/strong><\/p>\n\n\n\n<p>CC-6.1 Road, Kilometre 4.1<\/p>\n\n\n\n<p>10680 \u2013 Gata (Extremadura)<\/p>\n\n\n\n<p>SPAIN<\/p>\n\n\n\n<div class=\"wp-block-buttons is-layout-flex wp-block-buttons-is-layout-flex\">\n<div class=\"wp-block-button\"><a class=\"wp-block-button__link wp-element-button\" href=\"https:\/\/www.google.es\/maps\/place\/Camping+Sierra+de+Gata\/@40.2126958,-6.6442436,17z\/data=!4m9!3m8!1s0xd3dc52271a006df:0x6b1617226a25c7c8!5m2!4m1!1i2!8m2!3d40.2124296!4d-6.6422695!16s%2Fg%2F11h037xmdl?hl=es&amp;entry=ttu&amp;g_ep=EgoyMDI1MDMxNy4wIKXMDSoASAFQAw%3D%3D\" target=\"_blank\" rel=\"noreferrer noopener\">Google Maps<\/a><\/div>\n<\/div>\n\n\n\n<h2 class=\"wp-block-heading\">Coordinates<\/h2>\n\n\n\n<p>Latitude: 40.2124296\u00b0 N<br>Longitude: -6.6422695\u00b0 O<\/p>\n<\/div>\n<\/div>\n\n\n\n<div class=\"wp-block-column is-layout-flow wp-block-column-is-layout-flow\">\n<iframe src=\"https:\/\/www.google.com\/maps\/embed?pb=!1m18!1m12!1m3!1d3046.848463368555!2d-6.644844424254147!3d40.21243366804863!2m3!1f0!2f0!3f0!3m2!1i1024!2i768!4f13.1!3m3!1m2!1s0xd3dc52271a006df%3A0x6b1617226a25c7c8!2sCamping%20Sierra%20de%20Gata!5e0!3m2!1ses!2ses!4v1742459253404!5m2!1ses!2ses\" width=\"100%\" height=\"500\" style=\"border:0;\" allowfullscreen=\"\" loading=\"lazy\" referrerpolicy=\"no-referrer-when-downgrade\"><\/iframe>\n<\/div>\n<\/div>\n\n\n\n<hr class=\"wp-block-separator has-alpha-channel-opacity\"\/>\n\n\n\n<h2 class=\"wp-block-heading has-text-align-center\">Campsite Map<\/h2>\n\n\n\n<figure class=\"wp-block-image alignwide size-full is-style-default\"><img loading=\"lazy\" decoding=\"async\" width=\"2000\" height=\"1414\" src=\"https:\/\/www.campingsierradegata.es\/wp-content\/uploads\/2026\/02\/Plano-Camping-Sierra-de-Gata-EN.jpg\" alt=\"Plano Camping Bungalow Sierra de Gata\" class=\"wp-image-826\" style=\"box-shadow:var(--wp--preset--shadow--deep)\" srcset=\"https:\/\/www.campingsierradegata.es\/wp-content\/uploads\/2026\/02\/Plano-Camping-Sierra-de-Gata-EN.jpg 2000w, https:\/\/www.campingsierradegata.es\/wp-content\/uploads\/2026\/02\/Plano-Camping-Sierra-de-Gata-EN-300x212.jpg 300w, https:\/\/www.campingsierradegata.es\/wp-content\/uploads\/2026\/02\/Plano-Camping-Sierra-de-Gata-EN-1024x724.jpg 1024w, https:\/\/www.campingsierradegata.es\/wp-content\/uploads\/2026\/02\/Plano-Camping-Sierra-de-Gata-EN-768x543.jpg 768w, https:\/\/www.campingsierradegata.es\/wp-content\/uploads\/2026\/02\/Plano-Camping-Sierra-de-Gata-EN-1536x1086.jpg 1536w, https:\/\/www.campingsierradegata.es\/wp-content\/uploads\/2026\/02\/Plano-Camping-Sierra-de-Gata-EN-18x12.jpg 18w\" sizes=\"auto, (max-width: 2000px) 100vw, 2000px\" \/><\/figure>\n\n\n\n<p><\/p>","protected":false},"excerpt":{"rendered":"<p>Estamos a tu disposici\u00f3n recepcion-gata@gebidexsa.es (+34) 650 372 783 (+34) 927 194 556 Direcci\u00f3n Camping Bungalows Sierra de Gata Carretera CC-6.1 kil\u00f3metro 4.1 10680 \u2013 Gata (Extremadura) SPAIN Coordenadas Latitud: 40.2124296\u00b0 NLongitud: -6.6422695\u00b0 O Plano del camping<\/p>","protected":false},"author":1,"featured_media":0,"parent":13,"menu_order":16,"comment_status":"closed","ping_status":"closed","template":"","meta":{"footnotes":""},"class_list":["post-231","page","type-page","status-publish","hentry"],"jetpack_sharing_enabled":true,"_links":{"self":[{"href":"https:\/\/www.campingsierradegata.es\/en\/wp-json\/wp\/v2\/pages\/231","targetHints":{"allow":["GET"]}}],"collection":[{"href":"https:\/\/www.campingsierradegata.es\/en\/wp-json\/wp\/v2\/pages"}],"about":[{"href":"https:\/\/www.campingsierradegata.es\/en\/wp-json\/wp\/v2\/types\/page"}],"author":[{"embeddable":true,"href":"https:\/\/www.campingsierradegata.es\/en\/wp-json\/wp\/v2\/users\/1"}],"replies":[{"embeddable":true,"href":"https:\/\/www.campingsierradegata.es\/en\/wp-json\/wp\/v2\/comments?post=231"}],"version-history":[{"count":43,"href":"https:\/\/www.campingsierradegata.es\/en\/wp-json\/wp\/v2\/pages\/231\/revisions"}],"predecessor-version":[{"id":834,"href":"https:\/\/www.campingsierradegata.es\/en\/wp-json\/wp\/v2\/pages\/231\/revisions\/834"}],"up":[{"embeddable":true,"href":"https:\/\/www.campingsierradegata.es\/en\/wp-json\/wp\/v2\/pages\/13"}],"wp:attachment":[{"href":"https:\/\/www.campingsierradegata.es\/en\/wp-json\/wp\/v2\/media?parent=231"}],"curies":[{"name":"wp","href":"https:\/\/api.w.org\/{rel}","templated":true}]}}