{"id":3,"date":"2025-02-20T14:52:03","date_gmt":"2025-02-20T13:52:03","guid":{"rendered":"https:\/\/dev.campingsierradegata.es\/?page_id=3"},"modified":"2025-03-18T08:39:01","modified_gmt":"2025-03-18T07:39:01","slug":"politica-privacidad","status":"publish","type":"page","link":"https:\/\/www.campingsierradegata.es\/en\/politica-privacidad\/","title":{"rendered":"Aviso legal y pol\u00edtica de privacidad"},"content":{"rendered":"<h2 class=\"wp-block-heading\"><\/h2>\n\n\n\n<p>GEBIDEXSA, S.A.U. se compromete rigurosamente a proteger y salvaguardar todos los datos personales facilitados por sus clientes, cumpliendo con la legislaci\u00f3n vigente y velando en todo momento por sus intereses.<\/p>\n\n\n\n<p>A continuaci\u00f3n, podr\u00e1 acceder a la visualizaci\u00f3n y\/o descarga del documento completo de nuestro aviso legal y pol\u00edtica de privacidad y sus condiciones.<\/p>\n\n\n\n<div class=\"wp-block-buttons is-layout-flex wp-block-buttons-is-layout-flex\">\n<div class=\"wp-block-button\"><a class=\"wp-block-button__link wp-element-button\" href=\"https:\/\/www.hospederiasdeextremadura.es\/sites\/default\/files\/documents\/pages\/20211111%20-%20GEBIDEXSA-POL%C3%8DTICA%20WEB.pdf\">Acceder al documento (PDF)<\/a><\/div>\n<\/div>\n\n\n\n<p><\/p>","protected":false},"excerpt":{"rendered":"<p>GEBIDEXSA, S.A.U. se compromete rigurosamente a proteger y salvaguardar todos los datos personales facilitados por sus clientes, cumpliendo con la legislaci\u00f3n vigente y velando en todo momento por sus intereses. A continuaci\u00f3n, podr\u00e1 acceder a la visualizaci\u00f3n y\/o descarga del documento completo de nuestro aviso legal y pol\u00edtica de privacidad y sus condiciones.<\/p>","protected":false},"author":1,"featured_media":0,"parent":0,"menu_order":20,"comment_status":"closed","ping_status":"closed","template":"","meta":{"footnotes":""},"class_list":["post-3","page","type-page","status-publish","hentry"],"jetpack_sharing_enabled":true,"_links":{"self":[{"href":"https:\/\/www.campingsierradegata.es\/en\/wp-json\/wp\/v2\/pages\/3","targetHints":{"allow":["GET"]}}],"collection":[{"href":"https:\/\/www.campingsierradegata.es\/en\/wp-json\/wp\/v2\/pages"}],"about":[{"href":"https:\/\/www.campingsierradegata.es\/en\/wp-json\/wp\/v2\/types\/page"}],"author":[{"embeddable":true,"href":"https:\/\/www.campingsierradegata.es\/en\/wp-json\/wp\/v2\/users\/1"}],"replies":[{"embeddable":true,"href":"https:\/\/www.campingsierradegata.es\/en\/wp-json\/wp\/v2\/comments?post=3"}],"version-history":[{"count":1,"href":"https:\/\/www.campingsierradegata.es\/en\/wp-json\/wp\/v2\/pages\/3\/revisions"}],"predecessor-version":[{"id":74,"href":"https:\/\/www.campingsierradegata.es\/en\/wp-json\/wp\/v2\/pages\/3\/revisions\/74"}],"wp:attachment":[{"href":"https:\/\/www.campingsierradegata.es\/en\/wp-json\/wp\/v2\/media?parent=3"}],"curies":[{"name":"wp","href":"https:\/\/api.w.org\/{rel}","templated":true}]}}