{"id":60,"date":"2025-03-11T11:19:33","date_gmt":"2025-03-11T10:19:33","guid":{"rendered":"https:\/\/dev.campingsierradegata.es\/?page_id=60"},"modified":"2025-03-18T08:53:46","modified_gmt":"2025-03-18T07:53:46","slug":"canal-de-denuncias","status":"publish","type":"page","link":"https:\/\/www.campingsierradegata.es\/en\/canal-de-denuncias\/","title":{"rendered":"Canal de denuncias"},"content":{"rendered":"<p>GEBIDEXSA, SAU es la empresa p\u00fablica perteneciente al Grupo empresarial GPEX que gestiona, con medios propios o a trav\u00e9s de licitadores externos, los activos tur\u00edsticos cuyo titular es la Junta de Extremadura.<\/p>\n\n\n\n<p>En aplicaci\u00f3n de la\u00a0<a href=\"https:\/\/www.boe.es\/buscar\/act.php?id=BOE-A-2023-4513\" target=\"_blank\" rel=\"noreferrer noopener\">Ley 2\/2023, de 20 de febrero<\/a>, reguladora de la protecci\u00f3n de las personas que informen sobre infracciones normativas y de lucha contra la corrupci\u00f3n, el Grupo GPEX ha implementado su Sistema Interno de Informaci\u00f3n.<br><br>Este Sistema Interno de Informaci\u00f3n es un canal seguro de participaci\u00f3n que permite informar sobre cualquier acci\u00f3n u omisi\u00f3n contraria a los principios de buen gobierno y, en particular, sobre cualquier infracci\u00f3n de las normas que puedan constituir un delito o una infracci\u00f3n administrativa grave o muy grave, as\u00ed como de las normas de la Uni\u00f3n Europea, de forma confidencial y garantista.<br><br>Para posibilitar la presentaci\u00f3n de informaci\u00f3n respecto de dichas infracciones, GRUPO GPEX ha habilitado el Canal de Denuncias.<br><br>Este canal es accesible v\u00eda formulario online, de forma presencial o por v\u00eda telef\u00f3nica, a trav\u00e9s del apartado correspondiente de la web del Grupo empresarial GPEX:<br><br><a href=\"https:\/\/gpex.es\/#slide51\" target=\"_blank\" rel=\"noreferrer noopener\"><strong>ACCEDER AL CANAL DE DENUNCIAS<\/strong><\/a><\/p>\n\n\n\n<p>No obstante, le recordamos que este canal no es la v\u00eda adecuada para exponer quejas y reclamaciones de clientes.<br><br>Para estos asuntos, puede contactar directamente con las empresas gestoras de los diferentes activos tur\u00edsticos, o elevar su reclamaci\u00f3n a trav\u00e9s de la&nbsp;<a href=\"https:\/\/ec.europa.eu\/consumers\/odr\/main\/index.cfm?event=main.home2.show&amp;lng=ES\" target=\"_blank\" rel=\"noreferrer noopener\">Plataforma de resoluci\u00f3n de litigios en l\u00ednea de la UE<\/a>.<br><br>Para otros asuntos relativos a la licitaci\u00f3n de estos activos, puede contactar con la direcci\u00f3n del departamento a trav\u00e9s del siguiente correo electr\u00f3nico:<br><br><a href=\"mailto:responsable-activosturisticos@gebidexsa.es\">responsable-activosturisticos@gebidexsa.es<\/a><\/p>","protected":false},"excerpt":{"rendered":"<p>GEBIDEXSA, SAU es la empresa p\u00fablica perteneciente al Grupo empresarial GPEX que gestiona, con medios propios o a trav\u00e9s de licitadores externos, los activos tur\u00edsticos cuyo titular es la Junta de Extremadura. En aplicaci\u00f3n de la\u00a0Ley 2\/2023, de 20 de febrero, reguladora de la protecci\u00f3n de las personas que informen sobre infracciones normativas y de [&hellip;]<\/p>\n","protected":false},"author":1,"featured_media":0,"parent":0,"menu_order":40,"comment_status":"closed","ping_status":"closed","template":"","meta":{"footnotes":""},"class_list":["post-60","page","type-page","status-publish","hentry"],"jetpack_sharing_enabled":true,"_links":{"self":[{"href":"https:\/\/www.campingsierradegata.es\/en\/wp-json\/wp\/v2\/pages\/60","targetHints":{"allow":["GET"]}}],"collection":[{"href":"https:\/\/www.campingsierradegata.es\/en\/wp-json\/wp\/v2\/pages"}],"about":[{"href":"https:\/\/www.campingsierradegata.es\/en\/wp-json\/wp\/v2\/types\/page"}],"author":[{"embeddable":true,"href":"https:\/\/www.campingsierradegata.es\/en\/wp-json\/wp\/v2\/users\/1"}],"replies":[{"embeddable":true,"href":"https:\/\/www.campingsierradegata.es\/en\/wp-json\/wp\/v2\/comments?post=60"}],"version-history":[{"count":1,"href":"https:\/\/www.campingsierradegata.es\/en\/wp-json\/wp\/v2\/pages\/60\/revisions"}],"predecessor-version":[{"id":62,"href":"https:\/\/www.campingsierradegata.es\/en\/wp-json\/wp\/v2\/pages\/60\/revisions\/62"}],"wp:attachment":[{"href":"https:\/\/www.campingsierradegata.es\/en\/wp-json\/wp\/v2\/media?parent=60"}],"curies":[{"name":"wp","href":"https:\/\/api.w.org\/{rel}","templated":true}]}}