{"id":68,"date":"2025-03-11T11:29:46","date_gmt":"2025-03-11T10:29:46","guid":{"rendered":"https:\/\/dev.campingsierradegata.es\/?page_id=68"},"modified":"2025-04-07T09:48:52","modified_gmt":"2025-04-07T07:48:52","slug":"politica-de-cookies","status":"publish","type":"page","link":"https:\/\/www.campingsierradegata.es\/en\/politica-de-cookies\/","title":{"rendered":"Pol\u00edtica de cookies"},"content":{"rendered":"<p>El presente documento tiene por finalidad establecer la pol\u00edtica de uso de cookies de la p\u00e1gina web <strong>www.campingsierradegata.es<\/strong>, propiedad de GEBIDEXSA, S.A.U., con domicilio en la C\/ Benito Arias Montano, n\u00ba 1 \u2013 Escalera 2, Planta 4, 06800 M\u00e9rida (Badajoz) (ES). Todos los individuos, usuarios o entidades que por cualquier raz\u00f3n accedan al sitio web o utilicen los servicios disponibles en los mismos, estar\u00e1n aceptando plenamente y sin reservas esta pol\u00edtica de uso de cookies.<\/p>\n\n\n\n<h2 class=\"wp-block-heading\">\u00bfQu\u00e9 son las Cookies?<\/h2>\n\n\n\n<p>Las cookies son peque\u00f1os archivos de texto que se instalan en el navegador de su ordenador o en su dispositivo m\u00f3vil para registrar su actividad, enviando una identificaci\u00f3n an\u00f3nima que se almacena en el mismo.<\/p>\n\n\n\n<h2 class=\"wp-block-heading\">\u00bfPor qu\u00e9 se utilizan Cookies?<\/h2>\n\n\n\n<p>Las p\u00e1ginas web no tienen memoria. Si navega de una p\u00e1gina a otra en un sitio web, no se le reconocer\u00e1 como el mismo usuario. Las cookies permiten que se le reconozca como el mismo usuario en las distintas p\u00e1ginas de un sitio web. Por lo tanto, las cookies se utilizan b\u00e1sicamente para recordar las opciones que ha escogido (por ejemplo, recordar el idioma que prefiere). Las cookies tambi\u00e9n aseguran que cuando vuelva a visitar una p\u00e1gina web, \u00e9sta le reconozca.<\/p>\n\n\n\n<h2 class=\"wp-block-heading\">\u00bfQu\u00e9 tipo de Cookies utilizamos y para qu\u00e9?<\/h2>\n\n\n\n<p>La web principal\u00a0<a href=\"http:\/\/www.camping-extremadura.com\/\">www.campingsierradegata.es<\/a> no utiliza cookies  para su funcionamiento m\u00e1s b\u00e1sico a la hora de mostrar informaci\u00f3n.<\/p>\n\n\n\n<p>Sin embargo, si utiliza la funcionalidad de motor de reserva online siguiendo los enlaces para acceder a un dominio independiente (webcamp.fr), se utilizan las siguientes cookies para el funcionamiento del mismo:<\/p>\n\n\n\n<p>&#8211;&nbsp;<strong>Cookies anal\u00edticas:<\/strong>&nbsp;sirven para medir y analizar la navegaci\u00f3n de los usuarios en los sitios web. La anal\u00edtica web no permite obtener informaci\u00f3n sobre el nombre, apellidos o direcci\u00f3n de correo electr\u00f3nico o postal del usuario. La informaci\u00f3n obtenida es la relativa al n\u00famero de usuarios que acceden a la web, el n\u00famero de p\u00e1ginas vistas, la frecuencia y repetici\u00f3n de las visitas, su duraci\u00f3n, el navegador utilizado, el operador que presta el servicio, el idioma, el terminal utilizado o la ciudad a la que est\u00e1 asignada la direcci\u00f3n IP.<\/p>\n\n\n\n<p><strong>&#8211; Cookies t\u00e9cnicas:<\/strong>&nbsp;Estas cookies son necesarias para que el motor de reserva online funcione&nbsp;correctamente. Son necesarias para asegurar el balanceo de carga entre diferentes servidores web para asegurar la velocidad de carga y disponibilidad del servicio.<\/p>\n\n\n\n<h2 class=\"wp-block-heading\">\u00bfC\u00f3mo puedo obtener m\u00e1s informaci\u00f3n acerca de las cookies?<\/h2>\n\n\n\n<p>Sin perjuicio de lo anterior, el usuario tiene la posibilidad de configurar su navegador para ser avisado de la recepci\u00f3n de cookies y para impedir su instalaci\u00f3n en su equipo.<\/p>\n\n\n\n<p>No obstante, la deshabilitaci\u00f3n de las mismas podr\u00eda modificar el funcionamiento del Sitio web. Por favor, consulte las instrucciones y manuales de su navegador para ampliar esta informaci\u00f3n.<\/p>","protected":false},"excerpt":{"rendered":"<p>El presente documento tiene por finalidad establecer la pol\u00edtica de uso de cookies de la p\u00e1gina web www.campingsierradegata.es, propiedad de GEBIDEXSA, S.A.U., con domicilio en la C\/ Benito Arias Montano, n\u00ba 1 \u2013 Escalera 2, Planta 4, 06800 M\u00e9rida (Badajoz) (ES). Todos los individuos, usuarios o entidades que por cualquier raz\u00f3n accedan al sitio web [&hellip;]<\/p>\n","protected":false},"author":1,"featured_media":0,"parent":0,"menu_order":21,"comment_status":"closed","ping_status":"closed","template":"","meta":{"footnotes":""},"class_list":["post-68","page","type-page","status-publish","hentry"],"jetpack_sharing_enabled":true,"_links":{"self":[{"href":"https:\/\/www.campingsierradegata.es\/en\/wp-json\/wp\/v2\/pages\/68","targetHints":{"allow":["GET"]}}],"collection":[{"href":"https:\/\/www.campingsierradegata.es\/en\/wp-json\/wp\/v2\/pages"}],"about":[{"href":"https:\/\/www.campingsierradegata.es\/en\/wp-json\/wp\/v2\/types\/page"}],"author":[{"embeddable":true,"href":"https:\/\/www.campingsierradegata.es\/en\/wp-json\/wp\/v2\/users\/1"}],"replies":[{"embeddable":true,"href":"https:\/\/www.campingsierradegata.es\/en\/wp-json\/wp\/v2\/comments?post=68"}],"version-history":[{"count":3,"href":"https:\/\/www.campingsierradegata.es\/en\/wp-json\/wp\/v2\/pages\/68\/revisions"}],"predecessor-version":[{"id":665,"href":"https:\/\/www.campingsierradegata.es\/en\/wp-json\/wp\/v2\/pages\/68\/revisions\/665"}],"wp:attachment":[{"href":"https:\/\/www.campingsierradegata.es\/en\/wp-json\/wp\/v2\/media?parent=68"}],"curies":[{"name":"wp","href":"https:\/\/api.w.org\/{rel}","templated":true}]}}