{"id":71,"date":"2025-03-11T11:30:50","date_gmt":"2025-03-11T10:30:50","guid":{"rendered":"https:\/\/dev.campingsierradegata.es\/?page_id=71"},"modified":"2025-04-07T10:45:38","modified_gmt":"2025-04-07T08:45:38","slug":"accesibilidad","status":"publish","type":"page","link":"https:\/\/www.campingsierradegata.es\/en\/accesibilidad\/","title":{"rendered":"Accesibilidad"},"content":{"rendered":"<h2 class=\"wp-block-heading\"><strong>1. Declaraci\u00f3n de Accesibilidad<\/strong><\/h2>\n\n\n\n<p>Gebidexsa, SAU se ha comprometido a hacer accesible su p\u00e1gina web de conformidad con el <strong>Real Decreto 1112\/2018<\/strong>, de 7 de septiembre, sobre accesibilidad de los sitios web y aplicaciones para dispositivos m\u00f3viles del sector p\u00fablico.<\/p>\n\n\n\n<p>La presente declaraci\u00f3n de accesibilidad se aplica al sitio web: <strong>https:\/\/www.campingsierradegata.es<\/strong><\/p>\n\n\n\n<h2 class=\"wp-block-heading\"><strong>2. Situaci\u00f3n de cumplimiento<\/strong><\/h2>\n\n\n\n<p>Este sitio web es <strong>parcialmente conforme<\/strong> con el Real Decreto 1112\/2018, de 7 de septiembre, sobre accesibilidad de los sitios web, debido a la falta de conformidad en los siguientes aspectos:<\/p>\n\n\n\n<h2 class=\"wp-block-heading\"><strong>3. Contenido no accesible:<\/strong><\/h2>\n\n\n\n<p>El contenido que se recoge a continuaci\u00f3n no es accesible por lo siguiente:<\/p>\n\n\n\n<ul class=\"wp-block-list\">\n<li><strong>Widget de motor de reserva online:<\/strong> Este elemento se integra en la p\u00e1gina web, pero es proporcionado por una entidad independiente. Dependiendo de las \u00faltimas actualizaciones, podr\u00eda tener errores de accesibilidad.<\/li>\n\n\n\n<li><strong>Carga desproporcionada:<\/strong> no aplica.<\/li>\n\n\n\n<li><strong>Otros contenidos:<\/strong> cada vez que se genere y publique una nueva actualizaci\u00f3n de los archivos PDF alojados en este sitio web, se exportar\u00e1n utilizando todas las funciones de accesibilidad del procesador de textos con el que se editan los archivos originales (Microsoft Word), as\u00ed como todas las t\u00e9cnicas de accesibilidad posibles y aplicables.<\/li>\n<\/ul>\n\n\n\n<h2 class=\"wp-block-heading\"><strong>4. Preparaci\u00f3n de la presente declaraci\u00f3n de accesibilidad<\/strong><\/h2>\n\n\n\n<p>La presente declaraci\u00f3n fue realizada el 7 de Abril de 2025, mediante una autoevaluaci\u00f3n con recursos internos, analizando el nivel de conformidad UNE-EN 301549: 2019 &#8211; AA WCAG 2.1 (excluyendo el contenido excluido por el RD 1112\/2018).<\/p>\n\n\n\n<p>El sitio web ha sido probado en Google Chrome Versi\u00f3n 134 con sistema operativo Windows 10 64 bits.<\/p>\n\n\n\n<p><strong>\u00daltima revisi\u00f3n de la declaraci\u00f3n<\/strong>, 7 de Abril de 2025.<\/p>\n\n\n\n<h2 class=\"wp-block-heading\"><strong>5. Observaciones y datos de contacto<\/strong><\/h2>\n\n\n\n<p>Puede realizar comunicaciones sobre requisitos de accesibilidad (art\u00edculo 10.2.a) del RD 1112\/2018) como por ejemplo:<\/p>\n\n\n\n<ul class=\"wp-block-list\">\n<li>Informar sobre cualquier posible incumplimiento por parte de este sitio web<\/li>\n\n\n\n<li>Transmitir otras dificultades de acceso al contenido<\/li>\n\n\n\n<li>Formular cualquier otra consulta o sugerencia de mejora relativa a la accesibilidad del sitio web<\/li>\n<\/ul>\n\n\n\n<p>Para esto, puede contactar con nosotros a trav\u00e9s del siguiente correo electr\u00f3nico: info@gebidexsa.es<\/p>\n\n\n\n<p>Las comunicaciones ser\u00e1n recibidas y tratadas por Gebidexsa, SAU como responsable de los contenidos de este sitio web.<\/p>\n\n\n\n<h2 class=\"wp-block-heading\"><strong>6. Procedimiento de aplicaci\u00f3n<\/strong><\/h2>\n\n\n\n<p>Si una vez realizada una\u00a0<strong>solicitud de informaci\u00f3n accesible o queja<\/strong>, \u00e9sta hubiera sido\u00a0<strong>desestimada<\/strong>, o\u00a0<strong>no se estuviera de acuerdo con la decisi\u00f3n adoptada<\/strong>, o\u00a0<strong>la respuesta no cumpliera los requisitos<\/strong>\u00a0contemplados en el art\u00edculo 12.5, la persona interesada podr\u00e1 iniciar una\u00a0<strong>reclamaci\u00f3n<\/strong>.<\/p>\n\n\n\n<p>La reclamaci\u00f3n puede ser presentada a trav\u00e9s del siguiente&nbsp;<a href=\"https:\/\/sede.gobex.es\/SEDE\/quejasSugerencias\/quejasSugerencias.jsf\" target=\"_blank\" rel=\"noreferrer noopener\">formulario<\/a>&nbsp;de la Sede Electr\u00f3nica de la Junta de Extremadura, as\u00ed como en el resto de opciones recogidas en la Ley 39\/2015, de 1 de octubre, del Procedimiento Administrativo Com\u00fan de las Administraciones P\u00fablicas<\/p>\n\n\n\n<p>Las reclamaciones ser\u00e1n recibidas y tratadas por la Secretar\u00eda General de Administraci\u00f3n Digital de la Consejer\u00eda de Hacienda y Administraci\u00f3n P\u00fablica de la Junta de Extremadura.<\/p>\n\n\n\n<h2 class=\"wp-block-heading\"><strong>7. Contenido opcional<\/strong><\/h2>\n\n\n\n<p>El sitio web est\u00e1 optimizado para las \u00faltimas versiones vigentes de Google Chrome, Microsoft Edge y Mozilla Firefox en la fecha de su puesta en producci\u00f3n.<\/p>\n\n\n\n<p>Tambi\u00e9n incluye tecnolog\u00eda para visualizaci\u00f3n responsive para su correcta visualizaci\u00f3n en diferentes dispositivos.<\/p>","protected":false},"excerpt":{"rendered":"<p>1. Declaraci\u00f3n de Accesibilidad Gebidexsa, SAU se ha comprometido a hacer accesible su p\u00e1gina web de conformidad con el Real Decreto 1112\/2018, de 7 de septiembre, sobre accesibilidad de los sitios web y aplicaciones para dispositivos m\u00f3viles del sector p\u00fablico. La presente declaraci\u00f3n de accesibilidad se aplica al sitio web: https:\/\/www.campingsierradegata.es 2. Situaci\u00f3n de cumplimiento [&hellip;]<\/p>\n","protected":false},"author":1,"featured_media":0,"parent":0,"menu_order":30,"comment_status":"closed","ping_status":"closed","template":"","meta":{"footnotes":""},"class_list":["post-71","page","type-page","status-publish","hentry"],"jetpack_sharing_enabled":true,"_links":{"self":[{"href":"https:\/\/www.campingsierradegata.es\/en\/wp-json\/wp\/v2\/pages\/71","targetHints":{"allow":["GET"]}}],"collection":[{"href":"https:\/\/www.campingsierradegata.es\/en\/wp-json\/wp\/v2\/pages"}],"about":[{"href":"https:\/\/www.campingsierradegata.es\/en\/wp-json\/wp\/v2\/types\/page"}],"author":[{"embeddable":true,"href":"https:\/\/www.campingsierradegata.es\/en\/wp-json\/wp\/v2\/users\/1"}],"replies":[{"embeddable":true,"href":"https:\/\/www.campingsierradegata.es\/en\/wp-json\/wp\/v2\/comments?post=71"}],"version-history":[{"count":3,"href":"https:\/\/www.campingsierradegata.es\/en\/wp-json\/wp\/v2\/pages\/71\/revisions"}],"predecessor-version":[{"id":669,"href":"https:\/\/www.campingsierradegata.es\/en\/wp-json\/wp\/v2\/pages\/71\/revisions\/669"}],"wp:attachment":[{"href":"https:\/\/www.campingsierradegata.es\/en\/wp-json\/wp\/v2\/media?parent=71"}],"curies":[{"name":"wp","href":"https:\/\/api.w.org\/{rel}","templated":true}]}}