{"id":767,"date":"2025-09-11T14:56:20","date_gmt":"2025-09-11T12:56:20","guid":{"rendered":"https:\/\/www.campingsierradegata.es\/?page_id=767"},"modified":"2025-12-11T12:52:30","modified_gmt":"2025-12-11T11:52:30","slug":"ofertas","status":"publish","type":"page","link":"https:\/\/www.campingsierradegata.es\/en\/camping-bungalows-sierra-de-gata\/ofertas\/","title":{"rendered":"OFERTAS"},"content":{"rendered":"<div style=\"aspect-ratio:16\/9;min-height:unset;\" class=\"wp-block-cover alignwide has-aspect-ratio\"><img loading=\"lazy\" decoding=\"async\" width=\"1024\" height=\"641\" class=\"wp-block-cover__image-background wp-image-209 size-large\" alt=\"Castillo de Trevejo en la Sierra de Gata\" src=\"https:\/\/www.campingsierradegata.es\/wp-content\/uploads\/2025\/03\/sierra-de-gata-castillo-trevejo-1024x641.jpg\" data-object-fit=\"cover\" srcset=\"https:\/\/www.campingsierradegata.es\/wp-content\/uploads\/2025\/03\/sierra-de-gata-castillo-trevejo-1024x641.jpg 1024w, https:\/\/www.campingsierradegata.es\/wp-content\/uploads\/2025\/03\/sierra-de-gata-castillo-trevejo-300x188.jpg 300w, https:\/\/www.campingsierradegata.es\/wp-content\/uploads\/2025\/03\/sierra-de-gata-castillo-trevejo-768x480.jpg 768w, https:\/\/www.campingsierradegata.es\/wp-content\/uploads\/2025\/03\/sierra-de-gata-castillo-trevejo-1536x961.jpg 1536w, https:\/\/www.campingsierradegata.es\/wp-content\/uploads\/2025\/03\/sierra-de-gata-castillo-trevejo-18x12.jpg 18w, https:\/\/www.campingsierradegata.es\/wp-content\/uploads\/2025\/03\/sierra-de-gata-castillo-trevejo.jpg 1920w\" sizes=\"auto, (max-width: 1024px) 100vw, 1024px\" \/><span aria-hidden=\"true\" class=\"wp-block-cover__background has-background-dim-30 has-background-dim wp-block-cover__gradient-background has-background-gradient\" style=\"background:linear-gradient(180deg,rgb(0,0,0) 0%,rgb(165,165,165) 100%)\"><\/span><div class=\"wp-block-cover__inner-container has-global-padding is-layout-constrained wp-block-cover-is-layout-constrained\">\n<h2 class=\"wp-block-heading has-text-align-center has-x-large-font-size\" style=\"border-width:2px;padding-top:var(--wp--preset--spacing--20);padding-right:var(--wp--preset--spacing--20);padding-bottom:var(--wp--preset--spacing--20);padding-left:var(--wp--preset--spacing--20)\"><strong>OFERTAS CAMPING<\/strong> SIERRA DE GATA (EXTREMADURA)<\/h2>\n<\/div><\/div>\n\n\n\n<div style=\"aspect-ratio:auto;min-height:unset;\" class=\"wp-block-cover alignfull has-small-font-size has-aspect-ratio\"><img loading=\"lazy\" decoding=\"async\" width=\"1912\" height=\"1280\" class=\"wp-block-cover__image-background wp-image-207\" alt=\"Imagen decorativa elemento de reserva online\" src=\"https:\/\/www.campingsierradegata.es\/wp-content\/uploads\/2025\/03\/sierra-de-gata-paisajes.jpg\" style=\"object-position:55% 8%\" data-object-fit=\"cover\" data-object-position=\"55% 8%\" srcset=\"https:\/\/www.campingsierradegata.es\/wp-content\/uploads\/2025\/03\/sierra-de-gata-paisajes.jpg 1912w, https:\/\/www.campingsierradegata.es\/wp-content\/uploads\/2025\/03\/sierra-de-gata-paisajes-300x201.jpg 300w, https:\/\/www.campingsierradegata.es\/wp-content\/uploads\/2025\/03\/sierra-de-gata-paisajes-1024x686.jpg 1024w, https:\/\/www.campingsierradegata.es\/wp-content\/uploads\/2025\/03\/sierra-de-gata-paisajes-768x514.jpg 768w, https:\/\/www.campingsierradegata.es\/wp-content\/uploads\/2025\/03\/sierra-de-gata-paisajes-1536x1028.jpg 1536w, https:\/\/www.campingsierradegata.es\/wp-content\/uploads\/2025\/03\/sierra-de-gata-paisajes-18x12.jpg 18w\" sizes=\"auto, (max-width: 1912px) 100vw, 1912px\" \/><span aria-hidden=\"true\" class=\"wp-block-cover__background has-background-dim-10 has-background-dim\" style=\"background-color:#747e80\"><\/span><div class=\"wp-block-cover__inner-container is-layout-flow wp-block-cover-is-layout-flow\">\n<div class=\"wp-block-group alignfull has-small-font-size has-global-padding is-layout-constrained wp-block-group-is-layout-constrained\">\n<thr-search-engine hide-categories-type=\"1\" search-text=\"Reservar\"><\/thr-search-engine>\n<\/div>\n<\/div><\/div>\n\n\n\n<div class=\"wp-block-columns alignwide is-style-default is-layout-flex wp-container-core-columns-is-layout-bbf6143c wp-block-columns-is-layout-flex\" style=\"padding-top:var(--wp--preset--spacing--30);padding-right:var(--wp--preset--spacing--30);padding-bottom:var(--wp--preset--spacing--30);padding-left:var(--wp--preset--spacing--30)\">\n<div class=\"wp-block-column is-layout-flow wp-block-column-is-layout-flow\">\n<p class=\"has-large-font-size\">In this section, you will be able to find the best offers for Camping Sierra de Gata for the forthcoming season.<\/p>\n\n\n\n<p>Please contact us by telephone for the latest available information.<\/p>\n\n\n\n<p><\/p>\n<\/div>\n\n\n\n<div class=\"wp-block-column is-layout-flow wp-block-column-is-layout-flow\">\n<figure class=\"wp-block-pullquote\"><blockquote><p><em>Contact us: <\/em><br>\ud83d\udcde +34 650 372 783<\/p><\/blockquote><\/figure>\n<\/div>\n<\/div>\n\n\n\n<p><\/p>","protected":false},"excerpt":{"rendered":"<p>En este apartado podr\u00e1s encontrar las mejores ofertas del Camping Sierra de Gata para la pr\u00f3xima temporada. Contacta con nosotros telef\u00f3nicamente para la \u00faltima informaci\u00f3n disponible. Te ayudamos: \ud83d\udcde 650 372 783<\/p>","protected":false},"author":1,"featured_media":0,"parent":13,"menu_order":10,"comment_status":"closed","ping_status":"closed","template":"","meta":{"footnotes":""},"class_list":["post-767","page","type-page","status-publish","hentry"],"jetpack_sharing_enabled":true,"_links":{"self":[{"href":"https:\/\/www.campingsierradegata.es\/en\/wp-json\/wp\/v2\/pages\/767","targetHints":{"allow":["GET"]}}],"collection":[{"href":"https:\/\/www.campingsierradegata.es\/en\/wp-json\/wp\/v2\/pages"}],"about":[{"href":"https:\/\/www.campingsierradegata.es\/en\/wp-json\/wp\/v2\/types\/page"}],"author":[{"embeddable":true,"href":"https:\/\/www.campingsierradegata.es\/en\/wp-json\/wp\/v2\/users\/1"}],"replies":[{"embeddable":true,"href":"https:\/\/www.campingsierradegata.es\/en\/wp-json\/wp\/v2\/comments?post=767"}],"version-history":[{"count":15,"href":"https:\/\/www.campingsierradegata.es\/en\/wp-json\/wp\/v2\/pages\/767\/revisions"}],"predecessor-version":[{"id":821,"href":"https:\/\/www.campingsierradegata.es\/en\/wp-json\/wp\/v2\/pages\/767\/revisions\/821"}],"up":[{"embeddable":true,"href":"https:\/\/www.campingsierradegata.es\/en\/wp-json\/wp\/v2\/pages\/13"}],"wp:attachment":[{"href":"https:\/\/www.campingsierradegata.es\/en\/wp-json\/wp\/v2\/media?parent=767"}],"curies":[{"name":"wp","href":"https:\/\/api.w.org\/{rel}","templated":true}]}}